{"id":166,"date":"2024-03-28T21:01:07","date_gmt":"2024-03-28T20:01:07","guid":{"rendered":"https:\/\/abramo.be\/?page_id=166"},"modified":"2024-04-25T21:58:30","modified_gmt":"2024-04-25T19:58:30","slug":"delicatesse-au-poisson","status":"publish","type":"page","link":"https:\/\/abramo.be\/en\/delicatesse-au-poisson\/","title":{"rendered":"Fish Delicacies"},"content":{"rendered":"<div data-elementor-type=\"wp-page\" data-elementor-id=\"166\" class=\"elementor elementor-166\">\n\t\t\t\t<div class=\"elementor-element elementor-element-7128142 e-flex e-con-boxed e-con e-parent\" data-id=\"7128142\" data-element_type=\"container\" data-settings=\"{&quot;background_background&quot;:&quot;classic&quot;}\">\n\t\t\t\t\t<div class=\"e-con-inner\">\n\t\t\t\t\t<\/div>\n\t\t\t\t<\/div>\n\t\t<div class=\"elementor-element elementor-element-c47da8d e-flex e-con-boxed e-con e-parent\" data-id=\"c47da8d\" data-element_type=\"container\">\n\t\t\t\t\t<div class=\"e-con-inner\">\n\t\t<div class=\"elementor-element elementor-element-2001be7 e-con-full e-flex e-con e-child\" data-id=\"2001be7\" data-element_type=\"container\">\n\t\t\t\t<div class=\"elementor-element elementor-element-b82786b carousel-y elementor-widget elementor-widget-image-carousel\" data-id=\"b82786b\" data-element_type=\"widget\" data-settings=\"{&quot;slides_to_show&quot;:&quot;1&quot;,&quot;navigation&quot;:&quot;none&quot;,&quot;autoplay_speed&quot;:2500,&quot;effect&quot;:&quot;fade&quot;,&quot;speed&quot;:1000,&quot;autoplay&quot;:&quot;yes&quot;,&quot;pause_on_hover&quot;:&quot;yes&quot;,&quot;pause_on_interaction&quot;:&quot;yes&quot;,&quot;infinite&quot;:&quot;yes&quot;}\" data-widget_type=\"image-carousel.default\">\n\t\t\t\t<div class=\"elementor-widget-container\">\n\t\t\t\t\t\t\t<div class=\"elementor-image-carousel-wrapper swiper\" role=\"region\" aria-roledescription=\"carousel\" aria-label=\"Image Carousel\" dir=\"ltr\">\n\t\t\t<div class=\"elementor-image-carousel swiper-wrapper\" aria-live=\"off\">\n\t\t\t\t\t\t\t\t<div class=\"swiper-slide\" role=\"group\" aria-roledescription=\"slide\" aria-label=\"1 of 6\"><a data-elementor-open-lightbox=\"yes\" data-elementor-lightbox-slideshow=\"b82786b\" data-elementor-lightbox-title=\"dacfaacbbec6cb14ac2987605239811f\" data-e-action-hash=\"#elementor-action%3Aaction%3Dlightbox%26settings%3DeyJpZCI6MzMsInVybCI6Imh0dHBzOlwvXC9hYnJhbW8uYmVcL3dwLWNvbnRlbnRcL3VwbG9hZHNcLzIwMjRcLzAzXC9kYWNmYWFjYmJlYzZjYjE0YWMyOTg3NjA1MjM5ODExZi5qcGVnIiwic2xpZGVzaG93IjoiYjgyNzg2YiJ9\" href=\"https:\/\/abramo.be\/wp-content\/uploads\/2024\/03\/dacfaacbbec6cb14ac2987605239811f.jpeg\"><figure class=\"swiper-slide-inner\"><img decoding=\"async\" class=\"swiper-slide-image\" src=\"https:\/\/abramo.be\/wp-content\/uploads\/2024\/03\/dacfaacbbec6cb14ac2987605239811f.jpeg\" alt=\"dacfaacbbec6cb14ac2987605239811f\" \/><\/figure><\/a><\/div><div class=\"swiper-slide\" role=\"group\" aria-roledescription=\"slide\" aria-label=\"2 of 6\"><a data-elementor-open-lightbox=\"yes\" data-elementor-lightbox-slideshow=\"b82786b\" data-elementor-lightbox-title=\"cbe676e2904509860ffa2eeab9a13084\" data-e-action-hash=\"#elementor-action%3Aaction%3Dlightbox%26settings%3DeyJpZCI6MjM5LCJ1cmwiOiJodHRwczpcL1wvYWJyYW1vLmJlXC93cC1jb250ZW50XC91cGxvYWRzXC8yMDI0XC8wM1wvY2JlNjc2ZTI5MDQ1MDk4NjBmZmEyZWVhYjlhMTMwODQuanBlZyIsInNsaWRlc2hvdyI6ImI4Mjc4NmIifQ%3D%3D\" href=\"https:\/\/abramo.be\/wp-content\/uploads\/2024\/03\/cbe676e2904509860ffa2eeab9a13084.jpeg\"><figure class=\"swiper-slide-inner\"><img decoding=\"async\" class=\"swiper-slide-image\" src=\"https:\/\/abramo.be\/wp-content\/uploads\/2024\/03\/cbe676e2904509860ffa2eeab9a13084.jpeg\" alt=\"cbe676e2904509860ffa2eeab9a13084\" \/><\/figure><\/a><\/div><div class=\"swiper-slide\" role=\"group\" aria-roledescription=\"slide\" aria-label=\"3 of 6\"><a data-elementor-open-lightbox=\"yes\" data-elementor-lightbox-slideshow=\"b82786b\" data-elementor-lightbox-title=\"8c7728db2e5dc15a2a9eaa7a33ca9f78\" data-e-action-hash=\"#elementor-action%3Aaction%3Dlightbox%26settings%3DeyJpZCI6MjQwLCJ1cmwiOiJodHRwczpcL1wvYWJyYW1vLmJlXC93cC1jb250ZW50XC91cGxvYWRzXC8yMDI0XC8wM1wvOGM3NzI4ZGIyZTVkYzE1YTJhOWVhYTdhMzNjYTlmNzguanBlZyIsInNsaWRlc2hvdyI6ImI4Mjc4NmIifQ%3D%3D\" href=\"https:\/\/abramo.be\/wp-content\/uploads\/2024\/03\/8c7728db2e5dc15a2a9eaa7a33ca9f78.jpeg\"><figure class=\"swiper-slide-inner\"><img decoding=\"async\" class=\"swiper-slide-image\" src=\"https:\/\/abramo.be\/wp-content\/uploads\/2024\/03\/8c7728db2e5dc15a2a9eaa7a33ca9f78.jpeg\" alt=\"8c7728db2e5dc15a2a9eaa7a33ca9f78\" \/><\/figure><\/a><\/div><div class=\"swiper-slide\" role=\"group\" aria-roledescription=\"slide\" aria-label=\"4 of 6\"><a data-elementor-open-lightbox=\"yes\" data-elementor-lightbox-slideshow=\"b82786b\" data-elementor-lightbox-title=\"cd5167c10461d596521b3ca8881bb8e7\" data-e-action-hash=\"#elementor-action%3Aaction%3Dlightbox%26settings%3DeyJpZCI6MjQxLCJ1cmwiOiJodHRwczpcL1wvYWJyYW1vLmJlXC93cC1jb250ZW50XC91cGxvYWRzXC8yMDI0XC8wM1wvY2Q1MTY3YzEwNDYxZDU5NjUyMWIzY2E4ODgxYmI4ZTcuanBlZyIsInNsaWRlc2hvdyI6ImI4Mjc4NmIifQ%3D%3D\" href=\"https:\/\/abramo.be\/wp-content\/uploads\/2024\/03\/cd5167c10461d596521b3ca8881bb8e7.jpeg\"><figure class=\"swiper-slide-inner\"><img decoding=\"async\" class=\"swiper-slide-image\" src=\"https:\/\/abramo.be\/wp-content\/uploads\/2024\/03\/cd5167c10461d596521b3ca8881bb8e7.jpeg\" alt=\"cd5167c10461d596521b3ca8881bb8e7\" \/><\/figure><\/a><\/div><div class=\"swiper-slide\" role=\"group\" aria-roledescription=\"slide\" aria-label=\"5 of 6\"><a data-elementor-open-lightbox=\"yes\" data-elementor-lightbox-slideshow=\"b82786b\" data-elementor-lightbox-title=\"8d8c2f24e74652f6692d335f1a502fb2\" data-e-action-hash=\"#elementor-action%3Aaction%3Dlightbox%26settings%3DeyJpZCI6MjQyLCJ1cmwiOiJodHRwczpcL1wvYWJyYW1vLmJlXC93cC1jb250ZW50XC91cGxvYWRzXC8yMDI0XC8wM1wvOGQ4YzJmMjRlNzQ2NTJmNjY5MmQzMzVmMWE1MDJmYjIuanBlZyIsInNsaWRlc2hvdyI6ImI4Mjc4NmIifQ%3D%3D\" href=\"https:\/\/abramo.be\/wp-content\/uploads\/2024\/03\/8d8c2f24e74652f6692d335f1a502fb2.jpeg\"><figure class=\"swiper-slide-inner\"><img decoding=\"async\" class=\"swiper-slide-image\" src=\"https:\/\/abramo.be\/wp-content\/uploads\/2024\/03\/8d8c2f24e74652f6692d335f1a502fb2.jpeg\" alt=\"8d8c2f24e74652f6692d335f1a502fb2\" \/><\/figure><\/a><\/div><div class=\"swiper-slide\" role=\"group\" aria-roledescription=\"slide\" aria-label=\"6 of 6\"><a data-elementor-open-lightbox=\"yes\" data-elementor-lightbox-slideshow=\"b82786b\" data-elementor-lightbox-title=\"71763599254cd909934627286cf5007a\" data-e-action-hash=\"#elementor-action%3Aaction%3Dlightbox%26settings%3DeyJpZCI6MjQzLCJ1cmwiOiJodHRwczpcL1wvYWJyYW1vLmJlXC93cC1jb250ZW50XC91cGxvYWRzXC8yMDI0XC8wM1wvNzE3NjM1OTkyNTRjZDkwOTkzNDYyNzI4NmNmNTAwN2EuanBlZyIsInNsaWRlc2hvdyI6ImI4Mjc4NmIifQ%3D%3D\" href=\"https:\/\/abramo.be\/wp-content\/uploads\/2024\/03\/71763599254cd909934627286cf5007a.jpeg\"><figure class=\"swiper-slide-inner\"><img decoding=\"async\" class=\"swiper-slide-image\" src=\"https:\/\/abramo.be\/wp-content\/uploads\/2024\/03\/71763599254cd909934627286cf5007a.jpeg\" alt=\"71763599254cd909934627286cf5007a\" \/><\/figure><\/a><\/div>\t\t\t<\/div>\n\t\t\t\t\t\t\t\n\t\t\t\t\t\t\t\t\t<\/div>\n\t\t\t\t\t\t<\/div>\n\t\t\t\t<\/div>\n\t\t\t\t<\/div>\n\t\t<div class=\"elementor-element elementor-element-624771f e-con-full e-flex e-con e-child\" data-id=\"624771f\" data-element_type=\"container\">\n\t\t\t\t<div class=\"elementor-element elementor-element-f64f0a5 elementor-widget elementor-widget-heading\" data-id=\"f64f0a5\" data-element_type=\"widget\" data-widget_type=\"heading.default\">\n\t\t\t\t<div class=\"elementor-widget-container\">\n\t\t\t\t\t<h2 class=\"elementor-heading-title elementor-size-default\">Fish Delicacies\n<\/h2>\t\t\t\t<\/div>\n\t\t\t\t<\/div>\n\t\t\t\t<div class=\"elementor-element elementor-element-c5c1a0a elementor-widget-divider--view-line elementor-widget elementor-widget-divider\" data-id=\"c5c1a0a\" data-element_type=\"widget\" data-widget_type=\"divider.default\">\n\t\t\t\t<div class=\"elementor-widget-container\">\n\t\t\t\t\t\t\t<div class=\"elementor-divider\">\n\t\t\t<span class=\"elementor-divider-separator\">\n\t\t\t\t\t\t<\/span>\n\t\t<\/div>\n\t\t\t\t\t\t<\/div>\n\t\t\t\t<\/div>\n\t\t\t\t<div class=\"elementor-element elementor-element-86c1456 elementor-widget elementor-widget-spacer\" data-id=\"86c1456\" data-element_type=\"widget\" data-widget_type=\"spacer.default\">\n\t\t\t\t<div class=\"elementor-widget-container\">\n\t\t\t\t\t\t\t<div class=\"elementor-spacer\">\n\t\t\t<div class=\"elementor-spacer-inner\"><\/div>\n\t\t<\/div>\n\t\t\t\t\t\t<\/div>\n\t\t\t\t<\/div>\n\t\t\t\t<div class=\"elementor-element elementor-element-92ec91a elementor-widget__width-initial elementor-widget elementor-widget-text-editor\" data-id=\"92ec91a\" data-element_type=\"widget\" data-widget_type=\"text-editor.default\">\n\t\t\t\t<div class=\"elementor-widget-container\">\n\t\t\t\t\t\t\t\t\tAbramo has its roots along the Belgian seaside. We select the best products from the sea to prepare our delicious fish shells, Scallop shells and fish stews.\n\n\t\t\t\t\t\t\t\t<\/div>\n\t\t\t\t<\/div>\n\t\t\t\t<div class=\"elementor-element elementor-element-c7c411a elementor-widget elementor-widget-spacer\" data-id=\"c7c411a\" data-element_type=\"widget\" data-widget_type=\"spacer.default\">\n\t\t\t\t<div class=\"elementor-widget-container\">\n\t\t\t\t\t\t\t<div class=\"elementor-spacer\">\n\t\t\t<div class=\"elementor-spacer-inner\"><\/div>\n\t\t<\/div>\n\t\t\t\t\t\t<\/div>\n\t\t\t\t<\/div>\n\t\t<div class=\"elementor-element elementor-element-618d5a6 e-con-full e-flex e-con e-child\" data-id=\"618d5a6\" data-element_type=\"container\">\n\t\t<div class=\"elementor-element elementor-element-fd1e30b e-con-full e-flex e-con e-child\" data-id=\"fd1e30b\" data-element_type=\"container\">\n\t\t\t\t<div class=\"elementor-element elementor-element-a372107 elementor-view-default elementor-widget elementor-widget-icon\" data-id=\"a372107\" data-element_type=\"widget\" data-widget_type=\"icon.default\">\n\t\t\t\t<div class=\"elementor-widget-container\">\n\t\t\t\t\t\t\t<div class=\"elementor-icon-wrapper\">\n\t\t\t<a class=\"elementor-icon\" href=\"https:\/\/abramo.be\/en\/croquettes\/\">\n\t\t\t<svg aria-hidden=\"true\" class=\"e-font-icon-svg e-fas-chevron-left\" viewbox=\"0 0 320 512\" xmlns=\"http:\/\/www.w3.org\/2000\/svg\"><path d=\"M34.52 239.03L228.87 44.69c9.37-9.37 24.57-9.37 33.94 0l22.67 22.67c9.36 9.36 9.37 24.52.04 33.9L131.49 256l154.02 154.75c9.34 9.38 9.32 24.54-.04 33.9l-22.67 22.67c-9.37 9.37-24.57 9.37-33.94 0L34.52 272.97c-9.37-9.37-9.37-24.57 0-33.94z\"><\/path><\/svg>\t\t\t<\/a>\n\t\t<\/div>\n\t\t\t\t\t\t<\/div>\n\t\t\t\t<\/div>\n\t\t\t\t<\/div>\n\t\t<div class=\"elementor-element elementor-element-0db4e4a e-flex e-con-boxed e-con e-child\" data-id=\"0db4e4a\" data-element_type=\"container\">\n\t\t\t\t\t<div class=\"e-con-inner\">\n\t\t\t\t<div class=\"elementor-element elementor-element-e20b0e9 elementor-widget__width-initial elementor-widget elementor-widget-heading\" data-id=\"e20b0e9\" data-element_type=\"widget\" data-widget_type=\"heading.default\">\n\t\t\t\t<div class=\"elementor-widget-container\">\n\t\t\t\t\t<h2 class=\"elementor-heading-title elementor-size-default\"><a href=\"https:\/\/abramo.be\/en\/croquettes\/\">Previous<\/a><\/h2>\t\t\t\t<\/div>\n\t\t\t\t<\/div>\n\t\t\t\t<div class=\"elementor-element elementor-element-eea84c0 elementor-widget__width-initial elementor-widget elementor-widget-heading\" data-id=\"eea84c0\" data-element_type=\"widget\" data-widget_type=\"heading.default\">\n\t\t\t\t<div class=\"elementor-widget-container\">\n\t\t\t\t\t<h2 class=\"elementor-heading-title elementor-size-default\"><a href=\"https:\/\/abramo.be\/en\/one-pan-around-the-world\/\">Next<\/a><\/h2>\t\t\t\t<\/div>\n\t\t\t\t<\/div>\n\t\t\t\t<div class=\"elementor-element elementor-element-fe830de elementor-widget elementor-widget-heading\" data-id=\"fe830de\" data-element_type=\"widget\" data-widget_type=\"heading.default\">\n\t\t\t\t<div class=\"elementor-widget-container\">\n\t\t\t\t\t<h2 class=\"elementor-heading-title elementor-size-default\"><a href=\"https:\/\/abramo.be\/en\/produits\/\">Back to overview<\/a><\/h2>\t\t\t\t<\/div>\n\t\t\t\t<\/div>\n\t\t\t\t\t<\/div>\n\t\t\t\t<\/div>\n\t\t<div class=\"elementor-element elementor-element-c262c3a e-con-full e-flex e-con e-child\" data-id=\"c262c3a\" data-element_type=\"container\">\n\t\t\t\t<div class=\"elementor-element elementor-element-ac1d8b2 elementor-view-default elementor-widget elementor-widget-icon\" data-id=\"ac1d8b2\" data-element_type=\"widget\" data-widget_type=\"icon.default\">\n\t\t\t\t<div class=\"elementor-widget-container\">\n\t\t\t\t\t\t\t<div class=\"elementor-icon-wrapper\">\n\t\t\t<a class=\"elementor-icon\" href=\"https:\/\/abramo.be\/en\/one-pan-around-the-world\/\">\n\t\t\t<svg aria-hidden=\"true\" class=\"e-font-icon-svg e-fas-chevron-right\" viewbox=\"0 0 320 512\" xmlns=\"http:\/\/www.w3.org\/2000\/svg\"><path d=\"M285.476 272.971L91.132 467.314c-9.373 9.373-24.569 9.373-33.941 0l-22.667-22.667c-9.357-9.357-9.375-24.522-.04-33.901L188.505 256 34.484 101.255c-9.335-9.379-9.317-24.544.04-33.901l22.667-22.667c9.373-9.373 24.569-9.373 33.941 0L285.475 239.03c9.373 9.372 9.373 24.568.001 33.941z\"><\/path><\/svg>\t\t\t<\/a>\n\t\t<\/div>\n\t\t\t\t\t\t<\/div>\n\t\t\t\t<\/div>\n\t\t\t\t<\/div>\n\t\t\t\t<\/div>\n\t\t\t\t<\/div>\n\t\t\t\t\t<\/div>\n\t\t\t\t<\/div>\n\t\t\t\t<\/div>","protected":false},"excerpt":{"rendered":"<p>D\u00e9licatesse au poisson Abramo est originaire de notre c\u00f4te Belge. Nos connaissances nous permettent donc de s\u00e9lectionner les meilleurs produits issus de la mer, afin d&rsquo;\u00e9laborer nos d\u00e9licieuses recettes telles que les coquilles Saint-Jacques, mais aussi nos coquilles de poissons ou pots au feu. Chacune de nos recettes b\u00e9n\u00e9ficie d&rsquo;une garniture compl\u00e9mentaire garantissant un \u00e9quilibre [&hellip;]<\/p>","protected":false},"author":2,"featured_media":0,"parent":0,"menu_order":0,"comment_status":"closed","ping_status":"closed","template":"elementor_header_footer","meta":{"footnotes":""},"_links":{"self":[{"href":"https:\/\/abramo.be\/en\/wp-json\/wp\/v2\/pages\/166"}],"collection":[{"href":"https:\/\/abramo.be\/en\/wp-json\/wp\/v2\/pages"}],"about":[{"href":"https:\/\/abramo.be\/en\/wp-json\/wp\/v2\/types\/page"}],"author":[{"embeddable":true,"href":"https:\/\/abramo.be\/en\/wp-json\/wp\/v2\/users\/2"}],"replies":[{"embeddable":true,"href":"https:\/\/abramo.be\/en\/wp-json\/wp\/v2\/comments?post=166"}],"version-history":[{"count":10,"href":"https:\/\/abramo.be\/en\/wp-json\/wp\/v2\/pages\/166\/revisions"}],"predecessor-version":[{"id":304,"href":"https:\/\/abramo.be\/en\/wp-json\/wp\/v2\/pages\/166\/revisions\/304"}],"wp:attachment":[{"href":"https:\/\/abramo.be\/en\/wp-json\/wp\/v2\/media?parent=166"}],"curies":[{"name":"wp","href":"https:\/\/api.w.org\/{rel}","templated":true}]}}