{"id":168,"date":"2024-03-28T21:01:22","date_gmt":"2024-03-28T20:01:22","guid":{"rendered":"https:\/\/abramo.be\/?page_id=168"},"modified":"2024-04-25T21:59:15","modified_gmt":"2024-04-25T19:59:15","slug":"one-pan-around-the-world","status":"publish","type":"page","link":"https:\/\/abramo.be\/en\/one-pan-around-the-world\/","title":{"rendered":"One pan around the world"},"content":{"rendered":"<div data-elementor-type=\"wp-page\" data-elementor-id=\"168\" class=\"elementor elementor-168\">\n\t\t\t\t<div class=\"elementor-element elementor-element-f884f73 e-flex e-con-boxed e-con e-parent\" data-id=\"f884f73\" data-element_type=\"container\" data-settings=\"{&quot;background_background&quot;:&quot;classic&quot;}\">\n\t\t\t\t\t<div class=\"e-con-inner\">\n\t\t\t\t\t<\/div>\n\t\t\t\t<\/div>\n\t\t<div class=\"elementor-element elementor-element-d31402a e-flex e-con-boxed e-con e-parent\" data-id=\"d31402a\" data-element_type=\"container\">\n\t\t\t\t\t<div class=\"e-con-inner\">\n\t\t<div class=\"elementor-element elementor-element-eb833a8 e-con-full e-flex e-con e-child\" data-id=\"eb833a8\" data-element_type=\"container\">\n\t\t\t\t<div class=\"elementor-element elementor-element-79488e8 carousel-y elementor-widget elementor-widget-image-carousel\" data-id=\"79488e8\" data-element_type=\"widget\" data-settings=\"{&quot;slides_to_show&quot;:&quot;1&quot;,&quot;navigation&quot;:&quot;none&quot;,&quot;autoplay_speed&quot;:2500,&quot;effect&quot;:&quot;fade&quot;,&quot;speed&quot;:1000,&quot;autoplay&quot;:&quot;yes&quot;,&quot;pause_on_hover&quot;:&quot;yes&quot;,&quot;pause_on_interaction&quot;:&quot;yes&quot;,&quot;infinite&quot;:&quot;yes&quot;}\" data-widget_type=\"image-carousel.default\">\n\t\t\t\t<div class=\"elementor-widget-container\">\n\t\t\t\t\t\t\t<div class=\"elementor-image-carousel-wrapper swiper\" role=\"region\" aria-roledescription=\"carousel\" aria-label=\"Image Carousel\" dir=\"ltr\">\n\t\t\t<div class=\"elementor-image-carousel swiper-wrapper\" aria-live=\"off\">\n\t\t\t\t\t\t\t\t<div class=\"swiper-slide\" role=\"group\" aria-roledescription=\"slide\" aria-label=\"1 of 4\"><a data-elementor-open-lightbox=\"yes\" data-elementor-lightbox-slideshow=\"79488e8\" data-elementor-lightbox-title=\"c52ad7067627d1276f03561b70b16067\" data-e-action-hash=\"#elementor-action%3Aaction%3Dlightbox%26settings%3DeyJpZCI6MzIsInVybCI6Imh0dHBzOlwvXC9hYnJhbW8uYmVcL3dwLWNvbnRlbnRcL3VwbG9hZHNcLzIwMjRcLzAzXC9jNTJhZDcwNjc2MjdkMTI3NmYwMzU2MWI3MGIxNjA2Ny1zY2FsZWQuanBlZyIsInNsaWRlc2hvdyI6Ijc5NDg4ZTgifQ%3D%3D\" href=\"https:\/\/abramo.be\/wp-content\/uploads\/2024\/03\/c52ad7067627d1276f03561b70b16067-scaled.jpeg\"><figure class=\"swiper-slide-inner\"><img decoding=\"async\" class=\"swiper-slide-image\" src=\"https:\/\/abramo.be\/wp-content\/uploads\/2024\/03\/c52ad7067627d1276f03561b70b16067-scaled.jpeg\" alt=\"c52ad7067627d1276f03561b70b16067\" \/><\/figure><\/a><\/div><div class=\"swiper-slide\" role=\"group\" aria-roledescription=\"slide\" aria-label=\"2 of 4\"><a data-elementor-open-lightbox=\"yes\" data-elementor-lightbox-slideshow=\"79488e8\" data-elementor-lightbox-title=\"d09e649c24237df887c1a4e1766f26c7\" data-e-action-hash=\"#elementor-action%3Aaction%3Dlightbox%26settings%3DeyJpZCI6MjQ3LCJ1cmwiOiJodHRwczpcL1wvYWJyYW1vLmJlXC93cC1jb250ZW50XC91cGxvYWRzXC8yMDI0XC8wM1wvZDA5ZTY0OWMyNDIzN2RmODg3YzFhNGUxNzY2ZjI2YzcuanBlZyIsInNsaWRlc2hvdyI6Ijc5NDg4ZTgifQ%3D%3D\" href=\"https:\/\/abramo.be\/wp-content\/uploads\/2024\/03\/d09e649c24237df887c1a4e1766f26c7.jpeg\"><figure class=\"swiper-slide-inner\"><img decoding=\"async\" class=\"swiper-slide-image\" src=\"https:\/\/abramo.be\/wp-content\/uploads\/2024\/03\/d09e649c24237df887c1a4e1766f26c7.jpeg\" alt=\"d09e649c24237df887c1a4e1766f26c7\" \/><\/figure><\/a><\/div><div class=\"swiper-slide\" role=\"group\" aria-roledescription=\"slide\" aria-label=\"3 of 4\"><a data-elementor-open-lightbox=\"yes\" data-elementor-lightbox-slideshow=\"79488e8\" data-elementor-lightbox-title=\"d6f497903d760c13bbe56f49b41f0949\" data-e-action-hash=\"#elementor-action%3Aaction%3Dlightbox%26settings%3DeyJpZCI6MjQ4LCJ1cmwiOiJodHRwczpcL1wvYWJyYW1vLmJlXC93cC1jb250ZW50XC91cGxvYWRzXC8yMDI0XC8wM1wvZDZmNDk3OTAzZDc2MGMxM2JiZTU2ZjQ5YjQxZjA5NDkuanBlZyIsInNsaWRlc2hvdyI6Ijc5NDg4ZTgifQ%3D%3D\" href=\"https:\/\/abramo.be\/wp-content\/uploads\/2024\/03\/d6f497903d760c13bbe56f49b41f0949.jpeg\"><figure class=\"swiper-slide-inner\"><img decoding=\"async\" class=\"swiper-slide-image\" src=\"https:\/\/abramo.be\/wp-content\/uploads\/2024\/03\/d6f497903d760c13bbe56f49b41f0949.jpeg\" alt=\"d6f497903d760c13bbe56f49b41f0949\" \/><\/figure><\/a><\/div><div class=\"swiper-slide\" role=\"group\" aria-roledescription=\"slide\" aria-label=\"4 of 4\"><a data-elementor-open-lightbox=\"yes\" data-elementor-lightbox-slideshow=\"79488e8\" data-elementor-lightbox-title=\"be7afa43e1b4d0e3715a8a274381633f\" data-e-action-hash=\"#elementor-action%3Aaction%3Dlightbox%26settings%3DeyJpZCI6MjQ5LCJ1cmwiOiJodHRwczpcL1wvYWJyYW1vLmJlXC93cC1jb250ZW50XC91cGxvYWRzXC8yMDI0XC8wM1wvYmU3YWZhNDNlMWI0ZDBlMzcxNWE4YTI3NDM4MTYzM2YuanBlZyIsInNsaWRlc2hvdyI6Ijc5NDg4ZTgifQ%3D%3D\" href=\"https:\/\/abramo.be\/wp-content\/uploads\/2024\/03\/be7afa43e1b4d0e3715a8a274381633f.jpeg\"><figure class=\"swiper-slide-inner\"><img decoding=\"async\" class=\"swiper-slide-image\" src=\"https:\/\/abramo.be\/wp-content\/uploads\/2024\/03\/be7afa43e1b4d0e3715a8a274381633f.jpeg\" alt=\"be7afa43e1b4d0e3715a8a274381633f\" \/><\/figure><\/a><\/div>\t\t\t<\/div>\n\t\t\t\t\t\t\t\n\t\t\t\t\t\t\t\t\t<\/div>\n\t\t\t\t\t\t<\/div>\n\t\t\t\t<\/div>\n\t\t\t\t<\/div>\n\t\t<div class=\"elementor-element elementor-element-842b802 e-con-full e-flex e-con e-child\" data-id=\"842b802\" data-element_type=\"container\">\n\t\t\t\t<div class=\"elementor-element elementor-element-fd33980 elementor-widget elementor-widget-heading\" data-id=\"fd33980\" data-element_type=\"widget\" data-widget_type=\"heading.default\">\n\t\t\t\t<div class=\"elementor-widget-container\">\n\t\t\t\t\t<h2 class=\"elementor-heading-title elementor-size-default\">One pan around the World\n<\/h2>\t\t\t\t<\/div>\n\t\t\t\t<\/div>\n\t\t\t\t<div class=\"elementor-element elementor-element-c0eaa57 elementor-widget-divider--view-line elementor-widget elementor-widget-divider\" data-id=\"c0eaa57\" data-element_type=\"widget\" data-widget_type=\"divider.default\">\n\t\t\t\t<div class=\"elementor-widget-container\">\n\t\t\t\t\t\t\t<div class=\"elementor-divider\">\n\t\t\t<span class=\"elementor-divider-separator\">\n\t\t\t\t\t\t<\/span>\n\t\t<\/div>\n\t\t\t\t\t\t<\/div>\n\t\t\t\t<\/div>\n\t\t\t\t<div class=\"elementor-element elementor-element-a93e352 elementor-widget elementor-widget-spacer\" data-id=\"a93e352\" data-element_type=\"widget\" data-widget_type=\"spacer.default\">\n\t\t\t\t<div class=\"elementor-widget-container\">\n\t\t\t\t\t\t\t<div class=\"elementor-spacer\">\n\t\t\t<div class=\"elementor-spacer-inner\"><\/div>\n\t\t<\/div>\n\t\t\t\t\t\t<\/div>\n\t\t\t\t<\/div>\n\t\t\t\t<div class=\"elementor-element elementor-element-857353d elementor-widget__width-initial elementor-widget elementor-widget-text-editor\" data-id=\"857353d\" data-element_type=\"widget\" data-widget_type=\"text-editor.default\">\n\t\t\t\t<div class=\"elementor-widget-container\">\n\t\t\t\t\t\t\t\t\tOur international one pan dishes are our most recent success tory. The Paella, Aspargus Risotto and Cantonese Noodles are unique because of their authentic tastes and rich recipes.\n\n\t\t\t\t\t\t\t\t<\/div>\n\t\t\t\t<\/div>\n\t\t\t\t<div class=\"elementor-element elementor-element-646ac69 elementor-widget elementor-widget-spacer\" data-id=\"646ac69\" data-element_type=\"widget\" data-widget_type=\"spacer.default\">\n\t\t\t\t<div class=\"elementor-widget-container\">\n\t\t\t\t\t\t\t<div class=\"elementor-spacer\">\n\t\t\t<div class=\"elementor-spacer-inner\"><\/div>\n\t\t<\/div>\n\t\t\t\t\t\t<\/div>\n\t\t\t\t<\/div>\n\t\t<div class=\"elementor-element elementor-element-695b4b1 e-con-full e-flex e-con e-child\" data-id=\"695b4b1\" data-element_type=\"container\">\n\t\t<div class=\"elementor-element elementor-element-239afa5 e-con-full e-flex e-con e-child\" data-id=\"239afa5\" data-element_type=\"container\">\n\t\t\t\t<div class=\"elementor-element elementor-element-8bb81d8 elementor-view-default elementor-widget elementor-widget-icon\" data-id=\"8bb81d8\" data-element_type=\"widget\" data-widget_type=\"icon.default\">\n\t\t\t\t<div class=\"elementor-widget-container\">\n\t\t\t\t\t\t\t<div class=\"elementor-icon-wrapper\">\n\t\t\t<a class=\"elementor-icon\" href=\"https:\/\/abramo.be\/en\/delicatesse-au-poisson\/\">\n\t\t\t<svg aria-hidden=\"true\" class=\"e-font-icon-svg e-fas-chevron-left\" viewbox=\"0 0 320 512\" xmlns=\"http:\/\/www.w3.org\/2000\/svg\"><path d=\"M34.52 239.03L228.87 44.69c9.37-9.37 24.57-9.37 33.94 0l22.67 22.67c9.36 9.36 9.37 24.52.04 33.9L131.49 256l154.02 154.75c9.34 9.38 9.32 24.54-.04 33.9l-22.67 22.67c-9.37 9.37-24.57 9.37-33.94 0L34.52 272.97c-9.37-9.37-9.37-24.57 0-33.94z\"><\/path><\/svg>\t\t\t<\/a>\n\t\t<\/div>\n\t\t\t\t\t\t<\/div>\n\t\t\t\t<\/div>\n\t\t\t\t<\/div>\n\t\t<div class=\"elementor-element elementor-element-784573a e-flex e-con-boxed e-con e-child\" data-id=\"784573a\" data-element_type=\"container\">\n\t\t\t\t\t<div class=\"e-con-inner\">\n\t\t\t\t<div class=\"elementor-element elementor-element-898fc0f elementor-widget__width-initial elementor-widget elementor-widget-heading\" data-id=\"898fc0f\" data-element_type=\"widget\" data-widget_type=\"heading.default\">\n\t\t\t\t<div class=\"elementor-widget-container\">\n\t\t\t\t\t<h2 class=\"elementor-heading-title elementor-size-default\"><a href=\"https:\/\/abramo.be\/en\/delicatesse-au-poisson\/\">Previous<\/a><\/h2>\t\t\t\t<\/div>\n\t\t\t\t<\/div>\n\t\t\t\t<div class=\"elementor-element elementor-element-efdf403 elementor-widget__width-initial elementor-widget elementor-widget-heading\" data-id=\"efdf403\" data-element_type=\"widget\" data-widget_type=\"heading.default\">\n\t\t\t\t<div class=\"elementor-widget-container\">\n\t\t\t\t\t<h2 class=\"elementor-heading-title elementor-size-default\"><a href=\"https:\/\/abramo.be\/en\/plats-au-four\/\">Next<\/a><\/h2>\t\t\t\t<\/div>\n\t\t\t\t<\/div>\n\t\t\t\t<div class=\"elementor-element elementor-element-a890b19 elementor-widget elementor-widget-heading\" data-id=\"a890b19\" data-element_type=\"widget\" data-widget_type=\"heading.default\">\n\t\t\t\t<div class=\"elementor-widget-container\">\n\t\t\t\t\t<h2 class=\"elementor-heading-title elementor-size-default\"><a href=\"https:\/\/abramo.be\/en\/produits\/\">Back to overview<\/a><\/h2>\t\t\t\t<\/div>\n\t\t\t\t<\/div>\n\t\t\t\t\t<\/div>\n\t\t\t\t<\/div>\n\t\t<div class=\"elementor-element elementor-element-309206e e-con-full e-flex e-con e-child\" data-id=\"309206e\" data-element_type=\"container\">\n\t\t\t\t<div class=\"elementor-element elementor-element-e784f2f elementor-view-default elementor-widget elementor-widget-icon\" data-id=\"e784f2f\" data-element_type=\"widget\" data-widget_type=\"icon.default\">\n\t\t\t\t<div class=\"elementor-widget-container\">\n\t\t\t\t\t\t\t<div class=\"elementor-icon-wrapper\">\n\t\t\t<a class=\"elementor-icon\" href=\"https:\/\/abramo.be\/en\/plats-au-four\/\">\n\t\t\t<svg aria-hidden=\"true\" class=\"e-font-icon-svg e-fas-chevron-right\" viewbox=\"0 0 320 512\" xmlns=\"http:\/\/www.w3.org\/2000\/svg\"><path d=\"M285.476 272.971L91.132 467.314c-9.373 9.373-24.569 9.373-33.941 0l-22.667-22.667c-9.357-9.357-9.375-24.522-.04-33.901L188.505 256 34.484 101.255c-9.335-9.379-9.317-24.544.04-33.901l22.667-22.667c9.373-9.373 24.569-9.373 33.941 0L285.475 239.03c9.373 9.372 9.373 24.568.001 33.941z\"><\/path><\/svg>\t\t\t<\/a>\n\t\t<\/div>\n\t\t\t\t\t\t<\/div>\n\t\t\t\t<\/div>\n\t\t\t\t<\/div>\n\t\t\t\t<\/div>\n\t\t\t\t<\/div>\n\t\t\t\t\t<\/div>\n\t\t\t\t<\/div>\n\t\t\t\t<\/div>","protected":false},"excerpt":{"rendered":"<p>One pan around the World Nos repas \u00ab\u00a0one pan\u00a0\u00bb sont nos r\u00e9ussites les plus r\u00e9centes. Notre Paella, Risotto aux Asperges et Nouilles Cantonaises sont uniques: des go\u00fbts autheniques et recettes riches. Pr\u00e9c\u00e9dent Suivant Retour aux produits<\/p>","protected":false},"author":2,"featured_media":0,"parent":0,"menu_order":0,"comment_status":"closed","ping_status":"closed","template":"elementor_header_footer","meta":{"footnotes":""},"_links":{"self":[{"href":"https:\/\/abramo.be\/en\/wp-json\/wp\/v2\/pages\/168"}],"collection":[{"href":"https:\/\/abramo.be\/en\/wp-json\/wp\/v2\/pages"}],"about":[{"href":"https:\/\/abramo.be\/en\/wp-json\/wp\/v2\/types\/page"}],"author":[{"embeddable":true,"href":"https:\/\/abramo.be\/en\/wp-json\/wp\/v2\/users\/2"}],"replies":[{"embeddable":true,"href":"https:\/\/abramo.be\/en\/wp-json\/wp\/v2\/comments?post=168"}],"version-history":[{"count":13,"href":"https:\/\/abramo.be\/en\/wp-json\/wp\/v2\/pages\/168\/revisions"}],"predecessor-version":[{"id":310,"href":"https:\/\/abramo.be\/en\/wp-json\/wp\/v2\/pages\/168\/revisions\/310"}],"wp:attachment":[{"href":"https:\/\/abramo.be\/en\/wp-json\/wp\/v2\/media?parent=168"}],"curies":[{"name":"wp","href":"https:\/\/api.w.org\/{rel}","templated":true}]}}