{"id":15,"date":"2024-03-27T22:35:38","date_gmt":"2024-03-27T21:35:38","guid":{"rendered":"https:\/\/abramo.be\/?page_id=15"},"modified":"2024-03-28T21:03:46","modified_gmt":"2024-03-28T20:03:46","slug":"produits","status":"publish","type":"page","link":"https:\/\/abramo.be\/nl\/produits\/","title":{"rendered":"Producten"},"content":{"rendered":"<div data-elementor-type=\"wp-page\" data-elementor-id=\"15\" class=\"elementor elementor-15\">\n\t\t\t\t<div class=\"elementor-element elementor-element-16616d8 e-flex e-con-boxed e-con e-parent\" data-id=\"16616d8\" data-element_type=\"container\" data-settings=\"{&quot;background_background&quot;:&quot;classic&quot;}\">\n\t\t\t\t\t<div class=\"e-con-inner\">\n\t\t\t\t<div class=\"elementor-element elementor-element-a1506cc elementor-widget elementor-widget-heading\" data-id=\"a1506cc\" data-element_type=\"widget\" data-widget_type=\"heading.default\">\n\t\t\t\t<div class=\"elementor-widget-container\">\n\t\t\t\t\t<h2 class=\"elementor-heading-title elementor-size-default\">\u2014<br>\nProducten<br>\u2014<\/h2>\t\t\t\t<\/div>\n\t\t\t\t<\/div>\n\t\t\t\t\t<\/div>\n\t\t\t\t<\/div>\n\t\t<div class=\"elementor-element elementor-element-d0faf7a e-flex e-con-boxed e-con e-parent\" data-id=\"d0faf7a\" data-element_type=\"container\" data-settings=\"{&quot;background_background&quot;:&quot;classic&quot;}\">\n\t\t\t\t\t<div class=\"e-con-inner\">\n\t\t\t\t<div class=\"elementor-element elementor-element-842ba67 elementor-widget elementor-widget-text-editor\" data-id=\"842ba67\" data-element_type=\"widget\" data-widget_type=\"text-editor.default\">\n\t\t\t\t<div class=\"elementor-widget-container\">\n\t\t\t\t\t\t\t\t\tAbramo staat voor meer dan 25 jaar ervaring in innovatieve voedingsproducten. Wij bieden een breed gamma aan specialiteiten.\n\n\t\t\t\t\t\t\t\t<\/div>\n\t\t\t\t<\/div>\n\t\t\t\t<div class=\"elementor-element elementor-element-560fb28 elementor-widget elementor-widget-spacer\" data-id=\"560fb28\" data-element_type=\"widget\" data-widget_type=\"spacer.default\">\n\t\t\t\t<div class=\"elementor-widget-container\">\n\t\t\t\t\t\t\t<div class=\"elementor-spacer\">\n\t\t\t<div class=\"elementor-spacer-inner\"><\/div>\n\t\t<\/div>\n\t\t\t\t\t\t<\/div>\n\t\t\t\t<\/div>\n\t\t<div class=\"elementor-element elementor-element-31dbc8d e-flex e-con-boxed e-con e-child\" data-id=\"31dbc8d\" data-element_type=\"container\">\n\t\t\t\t\t<div class=\"e-con-inner\">\n\t\t<div class=\"elementor-element elementor-element-8cb61b0 e-flex e-con-boxed e-con e-child\" data-id=\"8cb61b0\" data-element_type=\"container\" data-settings=\"{&quot;background_background&quot;:&quot;classic&quot;}\">\n\t\t\t\t\t<div class=\"e-con-inner\">\n\t\t\t\t<div class=\"elementor-element elementor-element-4479ea8 elementor-widget elementor-widget-image\" data-id=\"4479ea8\" data-element_type=\"widget\" data-widget_type=\"image.default\">\n\t\t\t\t<div class=\"elementor-widget-container\">\n\t\t\t\t\t\t\t\t\t\t\t\t\t\t\t<img fetchpriority=\"high\" decoding=\"async\" width=\"800\" height=\"534\" src=\"https:\/\/abramo.be\/wp-content\/uploads\/2024\/03\/ba97120cd3835c8c26f498ac89bab39d-1024x684.jpeg\" class=\"attachment-large size-large wp-image-35\" alt=\"\" srcset=\"https:\/\/abramo.be\/wp-content\/uploads\/2024\/03\/ba97120cd3835c8c26f498ac89bab39d-1024x684.jpeg 1024w, https:\/\/abramo.be\/wp-content\/uploads\/2024\/03\/ba97120cd3835c8c26f498ac89bab39d-300x200.jpeg 300w, https:\/\/abramo.be\/wp-content\/uploads\/2024\/03\/ba97120cd3835c8c26f498ac89bab39d-768x513.jpeg 768w, https:\/\/abramo.be\/wp-content\/uploads\/2024\/03\/ba97120cd3835c8c26f498ac89bab39d-1536x1025.jpeg 1536w, https:\/\/abramo.be\/wp-content\/uploads\/2024\/03\/ba97120cd3835c8c26f498ac89bab39d.jpeg 2000w\" sizes=\"(max-width: 800px) 100vw, 800px\" \/>\t\t\t\t\t\t\t\t\t\t\t\t\t\t\t<\/div>\n\t\t\t\t<\/div>\n\t\t\t\t<div class=\"elementor-element elementor-element-123e8ec elementor-widget elementor-widget-heading\" data-id=\"123e8ec\" data-element_type=\"widget\" data-widget_type=\"heading.default\">\n\t\t\t\t<div class=\"elementor-widget-container\">\n\t\t\t\t\t<h2 class=\"elementor-heading-title elementor-size-default\">Klassieke en hippe appetizers<\/h2>\t\t\t\t<\/div>\n\t\t\t\t<\/div>\n\t\t\t\t<div class=\"elementor-element elementor-element-8eeffa7 elementor-align-center elementor-widget elementor-widget-button\" data-id=\"8eeffa7\" data-element_type=\"widget\" data-widget_type=\"button.default\">\n\t\t\t\t<div class=\"elementor-widget-container\">\n\t\t\t\t\t\t\t\t\t<div class=\"elementor-button-wrapper\">\n\t\t\t\t\t<a class=\"elementor-button elementor-button-link elementor-size-sm\" href=\"https:\/\/abramo.be\/nl\/apero-tapas\/\">\n\t\t\t\t\t\t<span class=\"elementor-button-content-wrapper\">\n\t\t\t\t\t\t\t\t\t<span class=\"elementor-button-text\">Meer info<\/span>\n\t\t\t\t\t<\/span>\n\t\t\t\t\t<\/a>\n\t\t\t\t<\/div>\n\t\t\t\t\t\t\t\t<\/div>\n\t\t\t\t<\/div>\n\t\t\t\t\t<\/div>\n\t\t\t\t<\/div>\n\t\t<div class=\"elementor-element elementor-element-b2b9958 e-flex e-con-boxed e-con e-child\" data-id=\"b2b9958\" data-element_type=\"container\" data-settings=\"{&quot;background_background&quot;:&quot;classic&quot;}\">\n\t\t\t\t\t<div class=\"e-con-inner\">\n\t\t\t\t<div class=\"elementor-element elementor-element-f13c1b4 elementor-widget elementor-widget-image\" data-id=\"f13c1b4\" data-element_type=\"widget\" data-widget_type=\"image.default\">\n\t\t\t\t<div class=\"elementor-widget-container\">\n\t\t\t\t\t\t\t\t\t\t\t\t\t\t\t<img decoding=\"async\" width=\"684\" height=\"1024\" src=\"https:\/\/abramo.be\/wp-content\/uploads\/2024\/03\/ab940827400501083296c372a3aaa04d-684x1024.jpeg\" class=\"attachment-large size-large wp-image-34\" alt=\"\" srcset=\"https:\/\/abramo.be\/wp-content\/uploads\/2024\/03\/ab940827400501083296c372a3aaa04d-684x1024.jpeg 684w, https:\/\/abramo.be\/wp-content\/uploads\/2024\/03\/ab940827400501083296c372a3aaa04d-200x300.jpeg 200w, https:\/\/abramo.be\/wp-content\/uploads\/2024\/03\/ab940827400501083296c372a3aaa04d-768x1151.jpeg 768w, https:\/\/abramo.be\/wp-content\/uploads\/2024\/03\/ab940827400501083296c372a3aaa04d.jpeg 801w\" sizes=\"(max-width: 684px) 100vw, 684px\" \/>\t\t\t\t\t\t\t\t\t\t\t\t\t\t\t<\/div>\n\t\t\t\t<\/div>\n\t\t\t\t<div class=\"elementor-element elementor-element-3d0b96f elementor-widget elementor-widget-heading\" data-id=\"3d0b96f\" data-element_type=\"widget\" data-widget_type=\"heading.default\">\n\t\t\t\t<div class=\"elementor-widget-container\">\n\t\t\t\t\t<h2 class=\"elementor-heading-title elementor-size-default\">KROKETTEN<\/h2>\t\t\t\t<\/div>\n\t\t\t\t<\/div>\n\t\t\t\t<div class=\"elementor-element elementor-element-87e3d09 elementor-align-center elementor-widget elementor-widget-button\" data-id=\"87e3d09\" data-element_type=\"widget\" data-widget_type=\"button.default\">\n\t\t\t\t<div class=\"elementor-widget-container\">\n\t\t\t\t\t\t\t\t\t<div class=\"elementor-button-wrapper\">\n\t\t\t\t\t<a class=\"elementor-button elementor-button-link elementor-size-sm\" href=\"https:\/\/abramo.be\/nl\/croquettes\/\">\n\t\t\t\t\t\t<span class=\"elementor-button-content-wrapper\">\n\t\t\t\t\t\t\t\t\t<span class=\"elementor-button-text\">Meer info<\/span>\n\t\t\t\t\t<\/span>\n\t\t\t\t\t<\/a>\n\t\t\t\t<\/div>\n\t\t\t\t\t\t\t\t<\/div>\n\t\t\t\t<\/div>\n\t\t\t\t\t<\/div>\n\t\t\t\t<\/div>\n\t\t<div class=\"elementor-element elementor-element-d599c23 e-flex e-con-boxed e-con e-child\" data-id=\"d599c23\" data-element_type=\"container\" data-settings=\"{&quot;background_background&quot;:&quot;classic&quot;}\">\n\t\t\t\t\t<div class=\"e-con-inner\">\n\t\t\t\t<div class=\"elementor-element elementor-element-3768c6a elementor-widget elementor-widget-image\" data-id=\"3768c6a\" data-element_type=\"widget\" data-widget_type=\"image.default\">\n\t\t\t\t<div class=\"elementor-widget-container\">\n\t\t\t\t\t\t\t\t\t\t\t\t\t\t\t<img decoding=\"async\" width=\"800\" height=\"530\" src=\"https:\/\/abramo.be\/wp-content\/uploads\/2024\/03\/dacfaacbbec6cb14ac2987605239811f-1024x678.jpeg\" class=\"attachment-large size-large wp-image-33\" alt=\"\" srcset=\"https:\/\/abramo.be\/wp-content\/uploads\/2024\/03\/dacfaacbbec6cb14ac2987605239811f-1024x678.jpeg 1024w, https:\/\/abramo.be\/wp-content\/uploads\/2024\/03\/dacfaacbbec6cb14ac2987605239811f-300x199.jpeg 300w, https:\/\/abramo.be\/wp-content\/uploads\/2024\/03\/dacfaacbbec6cb14ac2987605239811f-768x509.jpeg 768w, https:\/\/abramo.be\/wp-content\/uploads\/2024\/03\/dacfaacbbec6cb14ac2987605239811f.jpeg 1200w\" sizes=\"(max-width: 800px) 100vw, 800px\" \/>\t\t\t\t\t\t\t\t\t\t\t\t\t\t\t<\/div>\n\t\t\t\t<\/div>\n\t\t\t\t<div class=\"elementor-element elementor-element-6e23c51 elementor-widget elementor-widget-heading\" data-id=\"6e23c51\" data-element_type=\"widget\" data-widget_type=\"heading.default\">\n\t\t\t\t<div class=\"elementor-widget-container\">\n\t\t\t\t\t<h2 class=\"elementor-heading-title elementor-size-default\">DELICATESSEN MET VIS\n<\/h2>\t\t\t\t<\/div>\n\t\t\t\t<\/div>\n\t\t\t\t<div class=\"elementor-element elementor-element-908d3f9 elementor-align-center elementor-widget elementor-widget-button\" data-id=\"908d3f9\" data-element_type=\"widget\" data-widget_type=\"button.default\">\n\t\t\t\t<div class=\"elementor-widget-container\">\n\t\t\t\t\t\t\t\t\t<div class=\"elementor-button-wrapper\">\n\t\t\t\t\t<a class=\"elementor-button elementor-button-link elementor-size-sm\" href=\"https:\/\/abramo.be\/nl\/delicatesse-au-poisson\/\">\n\t\t\t\t\t\t<span class=\"elementor-button-content-wrapper\">\n\t\t\t\t\t\t\t\t\t<span class=\"elementor-button-text\">Meer info<\/span>\n\t\t\t\t\t<\/span>\n\t\t\t\t\t<\/a>\n\t\t\t\t<\/div>\n\t\t\t\t\t\t\t\t<\/div>\n\t\t\t\t<\/div>\n\t\t\t\t\t<\/div>\n\t\t\t\t<\/div>\n\t\t\t\t\t<\/div>\n\t\t\t\t<\/div>\n\t\t<div class=\"elementor-element elementor-element-b4b0ba9 e-flex e-con-boxed e-con e-child\" data-id=\"b4b0ba9\" data-element_type=\"container\">\n\t\t\t\t\t<div class=\"e-con-inner\">\n\t\t<div class=\"elementor-element elementor-element-48da756 e-flex e-con-boxed e-con e-child\" data-id=\"48da756\" data-element_type=\"container\" data-settings=\"{&quot;background_background&quot;:&quot;classic&quot;}\">\n\t\t\t\t\t<div class=\"e-con-inner\">\n\t\t\t\t<div class=\"elementor-element elementor-element-827dbaf elementor-widget elementor-widget-image\" data-id=\"827dbaf\" data-element_type=\"widget\" data-widget_type=\"image.default\">\n\t\t\t\t<div class=\"elementor-widget-container\">\n\t\t\t\t\t\t\t\t\t\t\t\t\t\t\t<img loading=\"lazy\" decoding=\"async\" width=\"800\" height=\"534\" src=\"https:\/\/abramo.be\/wp-content\/uploads\/2024\/03\/c52ad7067627d1276f03561b70b16067-1024x683.jpeg\" class=\"attachment-large size-large wp-image-32\" alt=\"\" srcset=\"https:\/\/abramo.be\/wp-content\/uploads\/2024\/03\/c52ad7067627d1276f03561b70b16067-1024x683.jpeg 1024w, https:\/\/abramo.be\/wp-content\/uploads\/2024\/03\/c52ad7067627d1276f03561b70b16067-300x200.jpeg 300w, https:\/\/abramo.be\/wp-content\/uploads\/2024\/03\/c52ad7067627d1276f03561b70b16067-768x512.jpeg 768w, https:\/\/abramo.be\/wp-content\/uploads\/2024\/03\/c52ad7067627d1276f03561b70b16067-1536x1024.jpeg 1536w, https:\/\/abramo.be\/wp-content\/uploads\/2024\/03\/c52ad7067627d1276f03561b70b16067-2048x1365.jpeg 2048w\" sizes=\"(max-width: 800px) 100vw, 800px\" \/>\t\t\t\t\t\t\t\t\t\t\t\t\t\t\t<\/div>\n\t\t\t\t<\/div>\n\t\t\t\t<div class=\"elementor-element elementor-element-800ee09 elementor-widget elementor-widget-heading\" data-id=\"800ee09\" data-element_type=\"widget\" data-widget_type=\"heading.default\">\n\t\t\t\t<div class=\"elementor-widget-container\">\n\t\t\t\t\t<h2 class=\"elementor-heading-title elementor-size-default\">ONE PAN AROUND THE WORLD\n<\/h2>\t\t\t\t<\/div>\n\t\t\t\t<\/div>\n\t\t\t\t<div class=\"elementor-element elementor-element-01ba1a0 elementor-align-center elementor-widget elementor-widget-button\" data-id=\"01ba1a0\" data-element_type=\"widget\" data-widget_type=\"button.default\">\n\t\t\t\t<div class=\"elementor-widget-container\">\n\t\t\t\t\t\t\t\t\t<div class=\"elementor-button-wrapper\">\n\t\t\t\t\t<a class=\"elementor-button elementor-button-link elementor-size-sm\" href=\"https:\/\/abramo.be\/nl\/one-pan-around-the-world\/\">\n\t\t\t\t\t\t<span class=\"elementor-button-content-wrapper\">\n\t\t\t\t\t\t\t\t\t<span class=\"elementor-button-text\">Meer info<\/span>\n\t\t\t\t\t<\/span>\n\t\t\t\t\t<\/a>\n\t\t\t\t<\/div>\n\t\t\t\t\t\t\t\t<\/div>\n\t\t\t\t<\/div>\n\t\t\t\t\t<\/div>\n\t\t\t\t<\/div>\n\t\t<div class=\"elementor-element elementor-element-9ec0e03 e-flex e-con-boxed e-con e-child\" data-id=\"9ec0e03\" data-element_type=\"container\" data-settings=\"{&quot;background_background&quot;:&quot;classic&quot;}\">\n\t\t\t\t\t<div class=\"e-con-inner\">\n\t\t\t\t<div class=\"elementor-element elementor-element-bfea1a4 elementor-widget elementor-widget-image\" data-id=\"bfea1a4\" data-element_type=\"widget\" data-widget_type=\"image.default\">\n\t\t\t\t<div class=\"elementor-widget-container\">\n\t\t\t\t\t\t\t\t\t\t\t\t\t\t\t<img loading=\"lazy\" decoding=\"async\" width=\"800\" height=\"534\" src=\"https:\/\/abramo.be\/wp-content\/uploads\/2024\/03\/fa08c4bb2d2de0c2e93e866a7e212708-1024x683.jpeg\" class=\"attachment-large size-large wp-image-31\" alt=\"\" srcset=\"https:\/\/abramo.be\/wp-content\/uploads\/2024\/03\/fa08c4bb2d2de0c2e93e866a7e212708-1024x683.jpeg 1024w, https:\/\/abramo.be\/wp-content\/uploads\/2024\/03\/fa08c4bb2d2de0c2e93e866a7e212708-300x200.jpeg 300w, https:\/\/abramo.be\/wp-content\/uploads\/2024\/03\/fa08c4bb2d2de0c2e93e866a7e212708-768x512.jpeg 768w, https:\/\/abramo.be\/wp-content\/uploads\/2024\/03\/fa08c4bb2d2de0c2e93e866a7e212708.jpeg 1200w\" sizes=\"(max-width: 800px) 100vw, 800px\" \/>\t\t\t\t\t\t\t\t\t\t\t\t\t\t\t<\/div>\n\t\t\t\t<\/div>\n\t\t\t\t<div class=\"elementor-element elementor-element-850f6d4 elementor-widget elementor-widget-heading\" data-id=\"850f6d4\" data-element_type=\"widget\" data-widget_type=\"heading.default\">\n\t\t\t\t<div class=\"elementor-widget-container\">\n\t\t\t\t\t<h2 class=\"elementor-heading-title elementor-size-default\">OVENSCHOTELS\n<\/h2>\t\t\t\t<\/div>\n\t\t\t\t<\/div>\n\t\t\t\t<div class=\"elementor-element elementor-element-a765393 elementor-align-center elementor-widget elementor-widget-button\" data-id=\"a765393\" data-element_type=\"widget\" data-widget_type=\"button.default\">\n\t\t\t\t<div class=\"elementor-widget-container\">\n\t\t\t\t\t\t\t\t\t<div class=\"elementor-button-wrapper\">\n\t\t\t\t\t<a class=\"elementor-button elementor-button-link elementor-size-sm\" href=\"https:\/\/abramo.be\/nl\/plats-au-four\/\">\n\t\t\t\t\t\t<span class=\"elementor-button-content-wrapper\">\n\t\t\t\t\t\t\t\t\t<span class=\"elementor-button-text\">Meer info<\/span>\n\t\t\t\t\t<\/span>\n\t\t\t\t\t<\/a>\n\t\t\t\t<\/div>\n\t\t\t\t\t\t\t\t<\/div>\n\t\t\t\t<\/div>\n\t\t\t\t\t<\/div>\n\t\t\t\t<\/div>\n\t\t<div class=\"elementor-element elementor-element-8640ed4 e-flex e-con-boxed e-con e-child\" data-id=\"8640ed4\" data-element_type=\"container\" data-settings=\"{&quot;background_background&quot;:&quot;classic&quot;}\">\n\t\t\t\t\t<div class=\"e-con-inner\">\n\t\t\t\t<div class=\"elementor-element elementor-element-327a522 elementor-widget elementor-widget-image\" data-id=\"327a522\" data-element_type=\"widget\" data-widget_type=\"image.default\">\n\t\t\t\t<div class=\"elementor-widget-container\">\n\t\t\t\t\t\t\t\t\t\t\t\t\t\t\t<img loading=\"lazy\" decoding=\"async\" width=\"800\" height=\"534\" src=\"https:\/\/abramo.be\/wp-content\/uploads\/2024\/03\/4e0856ecd62d562d78be7b511432439f-1024x683.jpeg\" class=\"attachment-large size-large wp-image-30\" alt=\"\" srcset=\"https:\/\/abramo.be\/wp-content\/uploads\/2024\/03\/4e0856ecd62d562d78be7b511432439f-1024x683.jpeg 1024w, https:\/\/abramo.be\/wp-content\/uploads\/2024\/03\/4e0856ecd62d562d78be7b511432439f-300x200.jpeg 300w, https:\/\/abramo.be\/wp-content\/uploads\/2024\/03\/4e0856ecd62d562d78be7b511432439f-768x512.jpeg 768w, https:\/\/abramo.be\/wp-content\/uploads\/2024\/03\/4e0856ecd62d562d78be7b511432439f-1536x1024.jpeg 1536w, https:\/\/abramo.be\/wp-content\/uploads\/2024\/03\/4e0856ecd62d562d78be7b511432439f-2048x1365.jpeg 2048w\" sizes=\"(max-width: 800px) 100vw, 800px\" \/>\t\t\t\t\t\t\t\t\t\t\t\t\t\t\t<\/div>\n\t\t\t\t<\/div>\n\t\t\t\t<div class=\"elementor-element elementor-element-0fb18ae elementor-widget elementor-widget-heading\" data-id=\"0fb18ae\" data-element_type=\"widget\" data-widget_type=\"heading.default\">\n\t\t\t\t<div class=\"elementor-widget-container\">\n\t\t\t\t\t<h2 class=\"elementor-heading-title elementor-size-default\">OP MAAT\n<\/h2>\t\t\t\t<\/div>\n\t\t\t\t<\/div>\n\t\t\t\t<div class=\"elementor-element elementor-element-6aedfc1 elementor-align-center elementor-widget elementor-widget-button\" data-id=\"6aedfc1\" data-element_type=\"widget\" data-widget_type=\"button.default\">\n\t\t\t\t<div class=\"elementor-widget-container\">\n\t\t\t\t\t\t\t\t\t<div class=\"elementor-button-wrapper\">\n\t\t\t\t\t<a class=\"elementor-button elementor-button-link elementor-size-sm\" href=\"https:\/\/abramo.be\/nl\/sur-mesure\/\">\n\t\t\t\t\t\t<span class=\"elementor-button-content-wrapper\">\n\t\t\t\t\t\t\t\t\t<span class=\"elementor-button-text\">Meer info<\/span>\n\t\t\t\t\t<\/span>\n\t\t\t\t\t<\/a>\n\t\t\t\t<\/div>\n\t\t\t\t\t\t\t\t<\/div>\n\t\t\t\t<\/div>\n\t\t\t\t\t<\/div>\n\t\t\t\t<\/div>\n\t\t\t\t\t<\/div>\n\t\t\t\t<\/div>\n\t\t\t\t\t<\/div>\n\t\t\t\t<\/div>\n\t\t<div class=\"elementor-element elementor-element-59f9dd0 e-con-full e-flex e-con e-parent\" data-id=\"59f9dd0\" data-element_type=\"container\">\n\t\t\t\t<div class=\"elementor-element elementor-element-0259e9f carousel elementor-widget elementor-widget-image-carousel\" data-id=\"0259e9f\" data-element_type=\"widget\" data-settings=\"{&quot;slides_to_show&quot;:&quot;5&quot;,&quot;slides_to_scroll&quot;:&quot;1&quot;,&quot;navigation&quot;:&quot;none&quot;,&quot;autoplay_speed&quot;:1500,&quot;speed&quot;:1000,&quot;autoplay&quot;:&quot;yes&quot;,&quot;pause_on_hover&quot;:&quot;yes&quot;,&quot;pause_on_interaction&quot;:&quot;yes&quot;,&quot;infinite&quot;:&quot;yes&quot;}\" data-widget_type=\"image-carousel.default\">\n\t\t\t\t<div class=\"elementor-widget-container\">\n\t\t\t\t\t\t\t<div class=\"elementor-image-carousel-wrapper swiper\" role=\"region\" aria-roledescription=\"carousel\" aria-label=\"Carrousel afbeelding\" dir=\"ltr\">\n\t\t\t<div class=\"elementor-image-carousel swiper-wrapper\" aria-live=\"off\">\n\t\t\t\t\t\t\t\t<div class=\"swiper-slide\" role=\"group\" aria-roledescription=\"slide\" aria-label=\"1 of 9\"><a data-elementor-open-lightbox=\"yes\" data-elementor-lightbox-slideshow=\"0259e9f\" data-elementor-lightbox-title=\"ba97120cd3835c8c26f498ac89bab39d\" data-e-action-hash=\"#elementor-action%3Aaction%3Dlightbox%26settings%3DeyJpZCI6MzUsInVybCI6Imh0dHBzOlwvXC9hYnJhbW8uYmVcL3dwLWNvbnRlbnRcL3VwbG9hZHNcLzIwMjRcLzAzXC9iYTk3MTIwY2QzODM1YzhjMjZmNDk4YWM4OWJhYjM5ZC5qcGVnIiwic2xpZGVzaG93IjoiMDI1OWU5ZiJ9\" href=\"https:\/\/abramo.be\/wp-content\/uploads\/2024\/03\/ba97120cd3835c8c26f498ac89bab39d.jpeg\"><figure class=\"swiper-slide-inner\"><img decoding=\"async\" class=\"swiper-slide-image\" src=\"https:\/\/abramo.be\/wp-content\/uploads\/2024\/03\/ba97120cd3835c8c26f498ac89bab39d-1024x684.jpeg\" alt=\"ba97120cd3835c8c26f498ac89bab39d\" \/><\/figure><\/a><\/div><div class=\"swiper-slide\" role=\"group\" aria-roledescription=\"slide\" aria-label=\"2 of 9\"><a data-elementor-open-lightbox=\"yes\" data-elementor-lightbox-slideshow=\"0259e9f\" data-elementor-lightbox-title=\"ab940827400501083296c372a3aaa04d\" data-e-action-hash=\"#elementor-action%3Aaction%3Dlightbox%26settings%3DeyJpZCI6MzQsInVybCI6Imh0dHBzOlwvXC9hYnJhbW8uYmVcL3dwLWNvbnRlbnRcL3VwbG9hZHNcLzIwMjRcLzAzXC9hYjk0MDgyNzQwMDUwMTA4MzI5NmMzNzJhM2FhYTA0ZC5qcGVnIiwic2xpZGVzaG93IjoiMDI1OWU5ZiJ9\" href=\"https:\/\/abramo.be\/wp-content\/uploads\/2024\/03\/ab940827400501083296c372a3aaa04d.jpeg\"><figure class=\"swiper-slide-inner\"><img decoding=\"async\" class=\"swiper-slide-image\" src=\"https:\/\/abramo.be\/wp-content\/uploads\/2024\/03\/ab940827400501083296c372a3aaa04d-684x1024.jpeg\" alt=\"ab940827400501083296c372a3aaa04d\" \/><\/figure><\/a><\/div><div class=\"swiper-slide\" role=\"group\" aria-roledescription=\"slide\" aria-label=\"3 of 9\"><a data-elementor-open-lightbox=\"yes\" data-elementor-lightbox-slideshow=\"0259e9f\" data-elementor-lightbox-title=\"b003fd95955cdb2d147f85ee1122d5a5\" data-e-action-hash=\"#elementor-action%3Aaction%3Dlightbox%26settings%3DeyJpZCI6MzcsInVybCI6Imh0dHBzOlwvXC9hYnJhbW8uYmVcL3dwLWNvbnRlbnRcL3VwbG9hZHNcLzIwMjRcLzAzXC9iMDAzZmQ5NTk1NWNkYjJkMTQ3Zjg1ZWUxMTIyZDVhNS5qcGVnIiwic2xpZGVzaG93IjoiMDI1OWU5ZiJ9\" href=\"https:\/\/abramo.be\/wp-content\/uploads\/2024\/03\/b003fd95955cdb2d147f85ee1122d5a5.jpeg\"><figure class=\"swiper-slide-inner\"><img decoding=\"async\" class=\"swiper-slide-image\" src=\"https:\/\/abramo.be\/wp-content\/uploads\/2024\/03\/b003fd95955cdb2d147f85ee1122d5a5-1024x684.jpeg\" alt=\"b003fd95955cdb2d147f85ee1122d5a5\" \/><\/figure><\/a><\/div><div class=\"swiper-slide\" role=\"group\" aria-roledescription=\"slide\" aria-label=\"4 of 9\"><a data-elementor-open-lightbox=\"yes\" data-elementor-lightbox-slideshow=\"0259e9f\" data-elementor-lightbox-title=\"fa08c4bb2d2de0c2e93e866a7e212708\" data-e-action-hash=\"#elementor-action%3Aaction%3Dlightbox%26settings%3DeyJpZCI6MzEsInVybCI6Imh0dHBzOlwvXC9hYnJhbW8uYmVcL3dwLWNvbnRlbnRcL3VwbG9hZHNcLzIwMjRcLzAzXC9mYTA4YzRiYjJkMmRlMGMyZTkzZTg2NmE3ZTIxMjcwOC5qcGVnIiwic2xpZGVzaG93IjoiMDI1OWU5ZiJ9\" href=\"https:\/\/abramo.be\/wp-content\/uploads\/2024\/03\/fa08c4bb2d2de0c2e93e866a7e212708.jpeg\"><figure class=\"swiper-slide-inner\"><img decoding=\"async\" class=\"swiper-slide-image\" src=\"https:\/\/abramo.be\/wp-content\/uploads\/2024\/03\/fa08c4bb2d2de0c2e93e866a7e212708-1024x683.jpeg\" alt=\"fa08c4bb2d2de0c2e93e866a7e212708\" \/><\/figure><\/a><\/div><div class=\"swiper-slide\" role=\"group\" aria-roledescription=\"slide\" aria-label=\"5 of 9\"><a data-elementor-open-lightbox=\"yes\" data-elementor-lightbox-slideshow=\"0259e9f\" data-elementor-lightbox-title=\"d47ea214e6e107d60d7fd2248c7a7158\" data-e-action-hash=\"#elementor-action%3Aaction%3Dlightbox%26settings%3DeyJpZCI6MzYsInVybCI6Imh0dHBzOlwvXC9hYnJhbW8uYmVcL3dwLWNvbnRlbnRcL3VwbG9hZHNcLzIwMjRcLzAzXC9kNDdlYTIxNGU2ZTEwN2Q2MGQ3ZmQyMjQ4YzdhNzE1OC5qcGVnIiwic2xpZGVzaG93IjoiMDI1OWU5ZiJ9\" href=\"https:\/\/abramo.be\/wp-content\/uploads\/2024\/03\/d47ea214e6e107d60d7fd2248c7a7158.jpeg\"><figure class=\"swiper-slide-inner\"><img decoding=\"async\" class=\"swiper-slide-image\" src=\"https:\/\/abramo.be\/wp-content\/uploads\/2024\/03\/d47ea214e6e107d60d7fd2248c7a7158-1024x684.jpeg\" alt=\"d47ea214e6e107d60d7fd2248c7a7158\" \/><\/figure><\/a><\/div><div class=\"swiper-slide\" role=\"group\" aria-roledescription=\"slide\" aria-label=\"6 of 9\"><a data-elementor-open-lightbox=\"yes\" data-elementor-lightbox-slideshow=\"0259e9f\" data-elementor-lightbox-title=\"dacfaacbbec6cb14ac2987605239811f\" data-e-action-hash=\"#elementor-action%3Aaction%3Dlightbox%26settings%3DeyJpZCI6MzMsInVybCI6Imh0dHBzOlwvXC9hYnJhbW8uYmVcL3dwLWNvbnRlbnRcL3VwbG9hZHNcLzIwMjRcLzAzXC9kYWNmYWFjYmJlYzZjYjE0YWMyOTg3NjA1MjM5ODExZi5qcGVnIiwic2xpZGVzaG93IjoiMDI1OWU5ZiJ9\" href=\"https:\/\/abramo.be\/wp-content\/uploads\/2024\/03\/dacfaacbbec6cb14ac2987605239811f.jpeg\"><figure class=\"swiper-slide-inner\"><img decoding=\"async\" class=\"swiper-slide-image\" src=\"https:\/\/abramo.be\/wp-content\/uploads\/2024\/03\/dacfaacbbec6cb14ac2987605239811f-1024x678.jpeg\" alt=\"dacfaacbbec6cb14ac2987605239811f\" \/><\/figure><\/a><\/div><div class=\"swiper-slide\" role=\"group\" aria-roledescription=\"slide\" aria-label=\"7 of 9\"><a data-elementor-open-lightbox=\"yes\" data-elementor-lightbox-slideshow=\"0259e9f\" data-elementor-lightbox-title=\"4bcd66a3e50b2f8dd190051f93e8af46\" data-e-action-hash=\"#elementor-action%3Aaction%3Dlightbox%26settings%3DeyJpZCI6MTI2LCJ1cmwiOiJodHRwczpcL1wvYWJyYW1vLmJlXC93cC1jb250ZW50XC91cGxvYWRzXC8yMDI0XC8wM1wvNGJjZDY2YTNlNTBiMmY4ZGQxOTAwNTFmOTNlOGFmNDYuanBlZyIsInNsaWRlc2hvdyI6IjAyNTllOWYifQ%3D%3D\" href=\"https:\/\/abramo.be\/wp-content\/uploads\/2024\/03\/4bcd66a3e50b2f8dd190051f93e8af46.jpeg\"><figure class=\"swiper-slide-inner\"><img decoding=\"async\" class=\"swiper-slide-image\" src=\"https:\/\/abramo.be\/wp-content\/uploads\/2024\/03\/4bcd66a3e50b2f8dd190051f93e8af46-1024x660.jpeg\" alt=\"4bcd66a3e50b2f8dd190051f93e8af46\" \/><\/figure><\/a><\/div><div class=\"swiper-slide\" role=\"group\" aria-roledescription=\"slide\" aria-label=\"8 of 9\"><a data-elementor-open-lightbox=\"yes\" data-elementor-lightbox-slideshow=\"0259e9f\" data-elementor-lightbox-title=\"c52ad7067627d1276f03561b70b16067\" data-e-action-hash=\"#elementor-action%3Aaction%3Dlightbox%26settings%3DeyJpZCI6MzIsInVybCI6Imh0dHBzOlwvXC9hYnJhbW8uYmVcL3dwLWNvbnRlbnRcL3VwbG9hZHNcLzIwMjRcLzAzXC9jNTJhZDcwNjc2MjdkMTI3NmYwMzU2MWI3MGIxNjA2Ny1zY2FsZWQuanBlZyIsInNsaWRlc2hvdyI6IjAyNTllOWYifQ%3D%3D\" href=\"https:\/\/abramo.be\/wp-content\/uploads\/2024\/03\/c52ad7067627d1276f03561b70b16067-scaled.jpeg\"><figure class=\"swiper-slide-inner\"><img decoding=\"async\" class=\"swiper-slide-image\" src=\"https:\/\/abramo.be\/wp-content\/uploads\/2024\/03\/c52ad7067627d1276f03561b70b16067-1024x683.jpeg\" alt=\"c52ad7067627d1276f03561b70b16067\" \/><\/figure><\/a><\/div><div class=\"swiper-slide\" role=\"group\" aria-roledescription=\"slide\" aria-label=\"9 of 9\"><a data-elementor-open-lightbox=\"yes\" data-elementor-lightbox-slideshow=\"0259e9f\" data-elementor-lightbox-title=\"70d718340f32194d5b36ab8eded8f55b\" data-e-action-hash=\"#elementor-action%3Aaction%3Dlightbox%26settings%3DeyJpZCI6MTI3LCJ1cmwiOiJodHRwczpcL1wvYWJyYW1vLmJlXC93cC1jb250ZW50XC91cGxvYWRzXC8yMDI0XC8wM1wvNzBkNzE4MzQwZjMyMTk0ZDViMzZhYjhlZGVkOGY1NWIuanBlZyIsInNsaWRlc2hvdyI6IjAyNTllOWYifQ%3D%3D\" href=\"https:\/\/abramo.be\/wp-content\/uploads\/2024\/03\/70d718340f32194d5b36ab8eded8f55b.jpeg\"><figure class=\"swiper-slide-inner\"><img decoding=\"async\" class=\"swiper-slide-image\" src=\"https:\/\/abramo.be\/wp-content\/uploads\/2024\/03\/70d718340f32194d5b36ab8eded8f55b-1024x660.jpeg\" alt=\"70d718340f32194d5b36ab8eded8f55b\" \/><\/figure><\/a><\/div>\t\t\t<\/div>\n\t\t\t\t\t\t\t\n\t\t\t\t\t\t\t\t\t<\/div>\n\t\t\t\t\t\t<\/div>\n\t\t\t\t<\/div>\n\t\t\t\t<\/div>\n\t\t\t\t<\/div>","protected":false},"excerpt":{"rendered":"<p>\u2014 Produits\u2014 Nous proposons une large gamme de sp\u00e9cialit\u00e9s en passant par les tapas et les snacks au plat au four et les plats pr\u00e9par\u00e9s, sans oublier la possibilit\u00e9 de vous proposer des plats sur mesure. Ap\u00e9ro &#038; Tapas En savoir plus Croquettes En savoir plus D\u00c9LICATESSE AU POISSON En savoir plus ONE PAN AROUND [&hellip;]<\/p>","protected":false},"author":2,"featured_media":0,"parent":0,"menu_order":0,"comment_status":"closed","ping_status":"closed","template":"elementor_header_footer","meta":{"footnotes":""},"_links":{"self":[{"href":"https:\/\/abramo.be\/nl\/wp-json\/wp\/v2\/pages\/15"}],"collection":[{"href":"https:\/\/abramo.be\/nl\/wp-json\/wp\/v2\/pages"}],"about":[{"href":"https:\/\/abramo.be\/nl\/wp-json\/wp\/v2\/types\/page"}],"author":[{"embeddable":true,"href":"https:\/\/abramo.be\/nl\/wp-json\/wp\/v2\/users\/2"}],"replies":[{"embeddable":true,"href":"https:\/\/abramo.be\/nl\/wp-json\/wp\/v2\/comments?post=15"}],"version-history":[{"count":10,"href":"https:\/\/abramo.be\/nl\/wp-json\/wp\/v2\/pages\/15\/revisions"}],"predecessor-version":[{"id":176,"href":"https:\/\/abramo.be\/nl\/wp-json\/wp\/v2\/pages\/15\/revisions\/176"}],"wp:attachment":[{"href":"https:\/\/abramo.be\/nl\/wp-json\/wp\/v2\/media?parent=15"}],"curies":[{"name":"wp","href":"https:\/\/api.w.org\/{rel}","templated":true}]}}