{"id":162,"date":"2024-03-28T21:00:10","date_gmt":"2024-03-28T20:00:10","guid":{"rendered":"https:\/\/abramo.be\/?page_id=162"},"modified":"2024-04-25T21:54:31","modified_gmt":"2024-04-25T19:54:31","slug":"apero-tapas","status":"publish","type":"page","link":"https:\/\/abramo.be\/nl\/apero-tapas\/","title":{"rendered":"Ap\u00e9ro &#038; tapas"},"content":{"rendered":"<div data-elementor-type=\"wp-page\" data-elementor-id=\"162\" class=\"elementor elementor-162\">\n\t\t\t\t<div class=\"elementor-element elementor-element-1455492 e-flex e-con-boxed e-con e-parent\" data-id=\"1455492\" data-element_type=\"container\" data-settings=\"{&quot;background_background&quot;:&quot;classic&quot;}\">\n\t\t\t\t\t<div class=\"e-con-inner\">\n\t\t\t\t\t<\/div>\n\t\t\t\t<\/div>\n\t\t<div class=\"elementor-element elementor-element-00c230b e-flex e-con-boxed e-con e-parent\" data-id=\"00c230b\" data-element_type=\"container\">\n\t\t\t\t\t<div class=\"e-con-inner\">\n\t\t<div class=\"elementor-element elementor-element-d3ec54d e-con-full e-flex e-con e-child\" data-id=\"d3ec54d\" data-element_type=\"container\">\n\t\t\t\t<div class=\"elementor-element elementor-element-8186ea4 carousel-y elementor-widget elementor-widget-image-carousel\" data-id=\"8186ea4\" data-element_type=\"widget\" data-settings=\"{&quot;slides_to_show&quot;:&quot;1&quot;,&quot;navigation&quot;:&quot;none&quot;,&quot;autoplay_speed&quot;:2500,&quot;effect&quot;:&quot;fade&quot;,&quot;speed&quot;:1000,&quot;autoplay&quot;:&quot;yes&quot;,&quot;pause_on_hover&quot;:&quot;yes&quot;,&quot;pause_on_interaction&quot;:&quot;yes&quot;,&quot;infinite&quot;:&quot;yes&quot;}\" data-widget_type=\"image-carousel.default\">\n\t\t\t\t<div class=\"elementor-widget-container\">\n\t\t\t\t\t\t\t<div class=\"elementor-image-carousel-wrapper swiper\" role=\"region\" aria-roledescription=\"carousel\" aria-label=\"Carrousel afbeelding\" dir=\"ltr\">\n\t\t\t<div class=\"elementor-image-carousel swiper-wrapper\" aria-live=\"off\">\n\t\t\t\t\t\t\t\t<div class=\"swiper-slide\" role=\"group\" aria-roledescription=\"slide\" aria-label=\"1 of 6\"><a data-elementor-open-lightbox=\"yes\" data-elementor-lightbox-slideshow=\"8186ea4\" data-elementor-lightbox-title=\"ba97120cd3835c8c26f498ac89bab39d\" data-e-action-hash=\"#elementor-action%3Aaction%3Dlightbox%26settings%3DeyJpZCI6MzUsInVybCI6Imh0dHBzOlwvXC9hYnJhbW8uYmVcL3dwLWNvbnRlbnRcL3VwbG9hZHNcLzIwMjRcLzAzXC9iYTk3MTIwY2QzODM1YzhjMjZmNDk4YWM4OWJhYjM5ZC5qcGVnIiwic2xpZGVzaG93IjoiODE4NmVhNCJ9\" href=\"https:\/\/abramo.be\/wp-content\/uploads\/2024\/03\/ba97120cd3835c8c26f498ac89bab39d.jpeg\"><figure class=\"swiper-slide-inner\"><img decoding=\"async\" class=\"swiper-slide-image\" src=\"https:\/\/abramo.be\/wp-content\/uploads\/2024\/03\/ba97120cd3835c8c26f498ac89bab39d.jpeg\" alt=\"ba97120cd3835c8c26f498ac89bab39d\" \/><\/figure><\/a><\/div><div class=\"swiper-slide\" role=\"group\" aria-roledescription=\"slide\" aria-label=\"2 of 6\"><a data-elementor-open-lightbox=\"yes\" data-elementor-lightbox-slideshow=\"8186ea4\" data-elementor-lightbox-title=\"d47ea214e6e107d60d7fd2248c7a7158\" data-e-action-hash=\"#elementor-action%3Aaction%3Dlightbox%26settings%3DeyJpZCI6MzYsInVybCI6Imh0dHBzOlwvXC9hYnJhbW8uYmVcL3dwLWNvbnRlbnRcL3VwbG9hZHNcLzIwMjRcLzAzXC9kNDdlYTIxNGU2ZTEwN2Q2MGQ3ZmQyMjQ4YzdhNzE1OC5qcGVnIiwic2xpZGVzaG93IjoiODE4NmVhNCJ9\" href=\"https:\/\/abramo.be\/wp-content\/uploads\/2024\/03\/d47ea214e6e107d60d7fd2248c7a7158.jpeg\"><figure class=\"swiper-slide-inner\"><img decoding=\"async\" class=\"swiper-slide-image\" src=\"https:\/\/abramo.be\/wp-content\/uploads\/2024\/03\/d47ea214e6e107d60d7fd2248c7a7158.jpeg\" alt=\"d47ea214e6e107d60d7fd2248c7a7158\" \/><\/figure><\/a><\/div><div class=\"swiper-slide\" role=\"group\" aria-roledescription=\"slide\" aria-label=\"3 of 6\"><a data-elementor-open-lightbox=\"yes\" data-elementor-lightbox-slideshow=\"8186ea4\" data-elementor-lightbox-title=\"4bcd66a3e50b2f8dd190051f93e8af46\" data-e-action-hash=\"#elementor-action%3Aaction%3Dlightbox%26settings%3DeyJpZCI6MTI2LCJ1cmwiOiJodHRwczpcL1wvYWJyYW1vLmJlXC93cC1jb250ZW50XC91cGxvYWRzXC8yMDI0XC8wM1wvNGJjZDY2YTNlNTBiMmY4ZGQxOTAwNTFmOTNlOGFmNDYuanBlZyIsInNsaWRlc2hvdyI6IjgxODZlYTQifQ%3D%3D\" href=\"https:\/\/abramo.be\/wp-content\/uploads\/2024\/03\/4bcd66a3e50b2f8dd190051f93e8af46.jpeg\"><figure class=\"swiper-slide-inner\"><img decoding=\"async\" class=\"swiper-slide-image\" src=\"https:\/\/abramo.be\/wp-content\/uploads\/2024\/03\/4bcd66a3e50b2f8dd190051f93e8af46.jpeg\" alt=\"4bcd66a3e50b2f8dd190051f93e8af46\" \/><\/figure><\/a><\/div><div class=\"swiper-slide\" role=\"group\" aria-roledescription=\"slide\" aria-label=\"4 of 6\"><a data-elementor-open-lightbox=\"yes\" data-elementor-lightbox-slideshow=\"8186ea4\" data-elementor-lightbox-title=\"b003fd95955cdb2d147f85ee1122d5a5\" data-e-action-hash=\"#elementor-action%3Aaction%3Dlightbox%26settings%3DeyJpZCI6MzcsInVybCI6Imh0dHBzOlwvXC9hYnJhbW8uYmVcL3dwLWNvbnRlbnRcL3VwbG9hZHNcLzIwMjRcLzAzXC9iMDAzZmQ5NTk1NWNkYjJkMTQ3Zjg1ZWUxMTIyZDVhNS5qcGVnIiwic2xpZGVzaG93IjoiODE4NmVhNCJ9\" href=\"https:\/\/abramo.be\/wp-content\/uploads\/2024\/03\/b003fd95955cdb2d147f85ee1122d5a5.jpeg\"><figure class=\"swiper-slide-inner\"><img decoding=\"async\" class=\"swiper-slide-image\" src=\"https:\/\/abramo.be\/wp-content\/uploads\/2024\/03\/b003fd95955cdb2d147f85ee1122d5a5.jpeg\" alt=\"b003fd95955cdb2d147f85ee1122d5a5\" \/><\/figure><\/a><\/div><div class=\"swiper-slide\" role=\"group\" aria-roledescription=\"slide\" aria-label=\"5 of 6\"><a data-elementor-open-lightbox=\"yes\" data-elementor-lightbox-slideshow=\"8186ea4\" data-elementor-lightbox-title=\"d94b7a55a55ebcb91f0a58e9f86d4d35\" data-e-action-hash=\"#elementor-action%3Aaction%3Dlightbox%26settings%3DeyJpZCI6MzgsInVybCI6Imh0dHBzOlwvXC9hYnJhbW8uYmVcL3dwLWNvbnRlbnRcL3VwbG9hZHNcLzIwMjRcLzAzXC9kOTRiN2E1NWE1NWViY2I5MWYwYTU4ZTlmODZkNGQzNS5qcGVnIiwic2xpZGVzaG93IjoiODE4NmVhNCJ9\" href=\"https:\/\/abramo.be\/wp-content\/uploads\/2024\/03\/d94b7a55a55ebcb91f0a58e9f86d4d35.jpeg\"><figure class=\"swiper-slide-inner\"><img decoding=\"async\" class=\"swiper-slide-image\" src=\"https:\/\/abramo.be\/wp-content\/uploads\/2024\/03\/d94b7a55a55ebcb91f0a58e9f86d4d35.jpeg\" alt=\"d94b7a55a55ebcb91f0a58e9f86d4d35\" \/><\/figure><\/a><\/div><div class=\"swiper-slide\" role=\"group\" aria-roledescription=\"slide\" aria-label=\"6 of 6\"><a data-elementor-open-lightbox=\"yes\" data-elementor-lightbox-slideshow=\"8186ea4\" data-elementor-lightbox-title=\"70d718340f32194d5b36ab8eded8f55b\" data-e-action-hash=\"#elementor-action%3Aaction%3Dlightbox%26settings%3DeyJpZCI6MTI3LCJ1cmwiOiJodHRwczpcL1wvYWJyYW1vLmJlXC93cC1jb250ZW50XC91cGxvYWRzXC8yMDI0XC8wM1wvNzBkNzE4MzQwZjMyMTk0ZDViMzZhYjhlZGVkOGY1NWIuanBlZyIsInNsaWRlc2hvdyI6IjgxODZlYTQifQ%3D%3D\" href=\"https:\/\/abramo.be\/wp-content\/uploads\/2024\/03\/70d718340f32194d5b36ab8eded8f55b.jpeg\"><figure class=\"swiper-slide-inner\"><img decoding=\"async\" class=\"swiper-slide-image\" src=\"https:\/\/abramo.be\/wp-content\/uploads\/2024\/03\/70d718340f32194d5b36ab8eded8f55b.jpeg\" alt=\"70d718340f32194d5b36ab8eded8f55b\" \/><\/figure><\/a><\/div>\t\t\t<\/div>\n\t\t\t\t\t\t\t\n\t\t\t\t\t\t\t\t\t<\/div>\n\t\t\t\t\t\t<\/div>\n\t\t\t\t<\/div>\n\t\t\t\t<\/div>\n\t\t<div class=\"elementor-element elementor-element-f994905 e-con-full e-flex e-con e-child\" data-id=\"f994905\" data-element_type=\"container\">\n\t\t\t\t<div class=\"elementor-element elementor-element-cd7ca36 elementor-widget elementor-widget-heading\" data-id=\"cd7ca36\" data-element_type=\"widget\" data-widget_type=\"heading.default\">\n\t\t\t\t<div class=\"elementor-widget-container\">\n\t\t\t\t\t<h2 class=\"elementor-heading-title elementor-size-default\">Zakouskis classiques &amp; Tapas trendy\n<\/h2>\t\t\t\t<\/div>\n\t\t\t\t<\/div>\n\t\t\t\t<div class=\"elementor-element elementor-element-6c1daaf elementor-widget-divider--view-line elementor-widget elementor-widget-divider\" data-id=\"6c1daaf\" data-element_type=\"widget\" data-widget_type=\"divider.default\">\n\t\t\t\t<div class=\"elementor-widget-container\">\n\t\t\t\t\t\t\t<div class=\"elementor-divider\">\n\t\t\t<span class=\"elementor-divider-separator\">\n\t\t\t\t\t\t<\/span>\n\t\t<\/div>\n\t\t\t\t\t\t<\/div>\n\t\t\t\t<\/div>\n\t\t\t\t<div class=\"elementor-element elementor-element-7ed1f02 elementor-widget elementor-widget-spacer\" data-id=\"7ed1f02\" data-element_type=\"widget\" data-widget_type=\"spacer.default\">\n\t\t\t\t<div class=\"elementor-widget-container\">\n\t\t\t\t\t\t\t<div class=\"elementor-spacer\">\n\t\t\t<div class=\"elementor-spacer-inner\"><\/div>\n\t\t<\/div>\n\t\t\t\t\t\t<\/div>\n\t\t\t\t<\/div>\n\t\t\t\t<div class=\"elementor-element elementor-element-296e79e elementor-widget__width-initial elementor-widget elementor-widget-text-editor\" data-id=\"296e79e\" data-element_type=\"widget\" data-widget_type=\"text-editor.default\">\n\t\t\t\t<div class=\"elementor-widget-container\">\n\t\t\t\t\t\t\t\t\tAbramo is d\u00e9 specialist in premium ovenable aperitiefhapjes dankzij 25 jaar ervaring en creatieve ontwikkeling. Ons gamma bestaat uit zowel klassieke bladerdeeghapjes als meer trendy Mini Hamburgers, -Pizza's, -Croques , -Visschelpjes, Krabschelpjes.\n\n\t\t\t\t\t\t\t\t<\/div>\n\t\t\t\t<\/div>\n\t\t\t\t<div class=\"elementor-element elementor-element-039c13f elementor-widget elementor-widget-spacer\" data-id=\"039c13f\" data-element_type=\"widget\" data-widget_type=\"spacer.default\">\n\t\t\t\t<div class=\"elementor-widget-container\">\n\t\t\t\t\t\t\t<div class=\"elementor-spacer\">\n\t\t\t<div class=\"elementor-spacer-inner\"><\/div>\n\t\t<\/div>\n\t\t\t\t\t\t<\/div>\n\t\t\t\t<\/div>\n\t\t<div class=\"elementor-element elementor-element-7286e6f e-con-full e-flex e-con e-child\" data-id=\"7286e6f\" data-element_type=\"container\">\n\t\t<div class=\"elementor-element elementor-element-1ab1804 e-con-full e-flex e-con e-child\" data-id=\"1ab1804\" data-element_type=\"container\">\n\t\t\t\t<div class=\"elementor-element elementor-element-54da30f elementor-view-default elementor-widget elementor-widget-icon\" data-id=\"54da30f\" data-element_type=\"widget\" data-widget_type=\"icon.default\">\n\t\t\t\t<div class=\"elementor-widget-container\">\n\t\t\t\t\t\t\t<div class=\"elementor-icon-wrapper\">\n\t\t\t<a class=\"elementor-icon\" href=\"https:\/\/abramo.be\/nl\/sur-mesure\/\">\n\t\t\t<svg aria-hidden=\"true\" class=\"e-font-icon-svg e-fas-chevron-left\" viewbox=\"0 0 320 512\" xmlns=\"http:\/\/www.w3.org\/2000\/svg\"><path d=\"M34.52 239.03L228.87 44.69c9.37-9.37 24.57-9.37 33.94 0l22.67 22.67c9.36 9.36 9.37 24.52.04 33.9L131.49 256l154.02 154.75c9.34 9.38 9.32 24.54-.04 33.9l-22.67 22.67c-9.37 9.37-24.57 9.37-33.94 0L34.52 272.97c-9.37-9.37-9.37-24.57 0-33.94z\"><\/path><\/svg>\t\t\t<\/a>\n\t\t<\/div>\n\t\t\t\t\t\t<\/div>\n\t\t\t\t<\/div>\n\t\t\t\t<\/div>\n\t\t<div class=\"elementor-element elementor-element-7bb4c11 e-flex e-con-boxed e-con e-child\" data-id=\"7bb4c11\" data-element_type=\"container\">\n\t\t\t\t\t<div class=\"e-con-inner\">\n\t\t\t\t<div class=\"elementor-element elementor-element-a2049b8 elementor-widget__width-initial elementor-widget elementor-widget-heading\" data-id=\"a2049b8\" data-element_type=\"widget\" data-widget_type=\"heading.default\">\n\t\t\t\t<div class=\"elementor-widget-container\">\n\t\t\t\t\t<h2 class=\"elementor-heading-title elementor-size-default\"><a href=\"https:\/\/abramo.be\/nl\/sur-mesure\/\">Vorig<\/a><\/h2>\t\t\t\t<\/div>\n\t\t\t\t<\/div>\n\t\t\t\t<div class=\"elementor-element elementor-element-5662bc9 elementor-widget__width-initial elementor-widget elementor-widget-heading\" data-id=\"5662bc9\" data-element_type=\"widget\" data-widget_type=\"heading.default\">\n\t\t\t\t<div class=\"elementor-widget-container\">\n\t\t\t\t\t<h2 class=\"elementor-heading-title elementor-size-default\"><a href=\"https:\/\/abramo.be\/nl\/croquettes\/\">Volgende<\/a><\/h2>\t\t\t\t<\/div>\n\t\t\t\t<\/div>\n\t\t\t\t<div class=\"elementor-element elementor-element-3261479 elementor-widget elementor-widget-heading\" data-id=\"3261479\" data-element_type=\"widget\" data-widget_type=\"heading.default\">\n\t\t\t\t<div class=\"elementor-widget-container\">\n\t\t\t\t\t<h2 class=\"elementor-heading-title elementor-size-default\"><a href=\"https:\/\/abramo.be\/nl\/produits\/\">Terug naar overzicht<\/a><\/h2>\t\t\t\t<\/div>\n\t\t\t\t<\/div>\n\t\t\t\t\t<\/div>\n\t\t\t\t<\/div>\n\t\t<div class=\"elementor-element elementor-element-4e43c9c e-con-full e-flex e-con e-child\" data-id=\"4e43c9c\" data-element_type=\"container\">\n\t\t\t\t<div class=\"elementor-element elementor-element-862c42b elementor-view-default elementor-widget elementor-widget-icon\" data-id=\"862c42b\" data-element_type=\"widget\" data-widget_type=\"icon.default\">\n\t\t\t\t<div class=\"elementor-widget-container\">\n\t\t\t\t\t\t\t<div class=\"elementor-icon-wrapper\">\n\t\t\t<a class=\"elementor-icon\" href=\"https:\/\/abramo.be\/nl\/croquettes\/\">\n\t\t\t<svg aria-hidden=\"true\" class=\"e-font-icon-svg e-fas-chevron-right\" viewbox=\"0 0 320 512\" xmlns=\"http:\/\/www.w3.org\/2000\/svg\"><path d=\"M285.476 272.971L91.132 467.314c-9.373 9.373-24.569 9.373-33.941 0l-22.667-22.667c-9.357-9.357-9.375-24.522-.04-33.901L188.505 256 34.484 101.255c-9.335-9.379-9.317-24.544.04-33.901l22.667-22.667c9.373-9.373 24.569-9.373 33.941 0L285.475 239.03c9.373 9.372 9.373 24.568.001 33.941z\"><\/path><\/svg>\t\t\t<\/a>\n\t\t<\/div>\n\t\t\t\t\t\t<\/div>\n\t\t\t\t<\/div>\n\t\t\t\t<\/div>\n\t\t\t\t<\/div>\n\t\t\t\t<\/div>\n\t\t\t\t\t<\/div>\n\t\t\t\t<\/div>\n\t\t\t\t<\/div>","protected":false},"excerpt":{"rendered":"<p>Zakouskis classiques &#038; Tapas trendy Gr\u00e2ce \u00e0 ses 25 ans d&rsquo;exp\u00e9rience, Abramo s&rsquo;est sp\u00e9cialis\u00e9 dans les zakouskis au four. Nous proposons une large gamme de mise en bouche aussi bien des feuillet\u00e9s classiques que des mini tapas plus tendances (trendy) comme des Mini-hamburgers , -pizzas, &#8211; croques, -coquilles ou m\u00eames des -quiches. Pr\u00e9c\u00e9dent Suivant Retour [&hellip;]<\/p>","protected":false},"author":2,"featured_media":0,"parent":0,"menu_order":0,"comment_status":"closed","ping_status":"closed","template":"elementor_header_footer","meta":{"footnotes":""},"_links":{"self":[{"href":"https:\/\/abramo.be\/nl\/wp-json\/wp\/v2\/pages\/162"}],"collection":[{"href":"https:\/\/abramo.be\/nl\/wp-json\/wp\/v2\/pages"}],"about":[{"href":"https:\/\/abramo.be\/nl\/wp-json\/wp\/v2\/types\/page"}],"author":[{"embeddable":true,"href":"https:\/\/abramo.be\/nl\/wp-json\/wp\/v2\/users\/2"}],"replies":[{"embeddable":true,"href":"https:\/\/abramo.be\/nl\/wp-json\/wp\/v2\/comments?post=162"}],"version-history":[{"count":52,"href":"https:\/\/abramo.be\/nl\/wp-json\/wp\/v2\/pages\/162\/revisions"}],"predecessor-version":[{"id":295,"href":"https:\/\/abramo.be\/nl\/wp-json\/wp\/v2\/pages\/162\/revisions\/295"}],"wp:attachment":[{"href":"https:\/\/abramo.be\/nl\/wp-json\/wp\/v2\/media?parent=162"}],"curies":[{"name":"wp","href":"https:\/\/api.w.org\/{rel}","templated":true}]}}