{"id":170,"date":"2024-03-28T21:01:32","date_gmt":"2024-03-28T20:01:32","guid":{"rendered":"https:\/\/abramo.be\/?page_id=170"},"modified":"2024-04-25T22:00:19","modified_gmt":"2024-04-25T20:00:19","slug":"plats-au-four","status":"publish","type":"page","link":"https:\/\/abramo.be\/nl\/plats-au-four\/","title":{"rendered":"Ovenschotels"},"content":{"rendered":"<div data-elementor-type=\"wp-page\" data-elementor-id=\"170\" class=\"elementor elementor-170\">\n\t\t\t\t<div class=\"elementor-element elementor-element-05e0e7f e-flex e-con-boxed e-con e-parent\" data-id=\"05e0e7f\" data-element_type=\"container\" data-settings=\"{&quot;background_background&quot;:&quot;classic&quot;}\">\n\t\t\t\t\t<div class=\"e-con-inner\">\n\t\t\t\t\t<\/div>\n\t\t\t\t<\/div>\n\t\t<div class=\"elementor-element elementor-element-24609c2 e-flex e-con-boxed e-con e-parent\" data-id=\"24609c2\" data-element_type=\"container\">\n\t\t\t\t\t<div class=\"e-con-inner\">\n\t\t<div class=\"elementor-element elementor-element-644242e e-con-full e-flex e-con e-child\" data-id=\"644242e\" data-element_type=\"container\">\n\t\t\t\t<div class=\"elementor-element elementor-element-806d718 carousel-y elementor-widget elementor-widget-image-carousel\" data-id=\"806d718\" data-element_type=\"widget\" data-settings=\"{&quot;slides_to_show&quot;:&quot;1&quot;,&quot;navigation&quot;:&quot;none&quot;,&quot;autoplay_speed&quot;:2500,&quot;effect&quot;:&quot;fade&quot;,&quot;speed&quot;:1000,&quot;autoplay&quot;:&quot;yes&quot;,&quot;pause_on_hover&quot;:&quot;yes&quot;,&quot;pause_on_interaction&quot;:&quot;yes&quot;,&quot;infinite&quot;:&quot;yes&quot;}\" data-widget_type=\"image-carousel.default\">\n\t\t\t\t<div class=\"elementor-widget-container\">\n\t\t\t\t\t\t\t<div class=\"elementor-image-carousel-wrapper swiper\" role=\"region\" aria-roledescription=\"carousel\" aria-label=\"Carrousel afbeelding\" dir=\"ltr\">\n\t\t\t<div class=\"elementor-image-carousel swiper-wrapper\" aria-live=\"off\">\n\t\t\t\t\t\t\t\t<div class=\"swiper-slide\" role=\"group\" aria-roledescription=\"slide\" aria-label=\"1 of 5\"><a data-elementor-open-lightbox=\"yes\" data-elementor-lightbox-slideshow=\"806d718\" data-elementor-lightbox-title=\"fa08c4bb2d2de0c2e93e866a7e212708\" data-e-action-hash=\"#elementor-action%3Aaction%3Dlightbox%26settings%3DeyJpZCI6MzEsInVybCI6Imh0dHBzOlwvXC9hYnJhbW8uYmVcL3dwLWNvbnRlbnRcL3VwbG9hZHNcLzIwMjRcLzAzXC9mYTA4YzRiYjJkMmRlMGMyZTkzZTg2NmE3ZTIxMjcwOC5qcGVnIiwic2xpZGVzaG93IjoiODA2ZDcxOCJ9\" href=\"https:\/\/abramo.be\/wp-content\/uploads\/2024\/03\/fa08c4bb2d2de0c2e93e866a7e212708.jpeg\"><figure class=\"swiper-slide-inner\"><img decoding=\"async\" class=\"swiper-slide-image\" src=\"https:\/\/abramo.be\/wp-content\/uploads\/2024\/03\/fa08c4bb2d2de0c2e93e866a7e212708.jpeg\" alt=\"fa08c4bb2d2de0c2e93e866a7e212708\" \/><\/figure><\/a><\/div><div class=\"swiper-slide\" role=\"group\" aria-roledescription=\"slide\" aria-label=\"2 of 5\"><a data-elementor-open-lightbox=\"yes\" data-elementor-lightbox-slideshow=\"806d718\" data-elementor-lightbox-title=\"33fbbdb3a5907b1406eca233f8e99b7a\" data-e-action-hash=\"#elementor-action%3Aaction%3Dlightbox%26settings%3DeyJpZCI6MjUzLCJ1cmwiOiJodHRwczpcL1wvYWJyYW1vLmJlXC93cC1jb250ZW50XC91cGxvYWRzXC8yMDI0XC8wM1wvMzNmYmJkYjNhNTkwN2IxNDA2ZWNhMjMzZjhlOTliN2EuanBlZyIsInNsaWRlc2hvdyI6IjgwNmQ3MTgifQ%3D%3D\" href=\"https:\/\/abramo.be\/wp-content\/uploads\/2024\/03\/33fbbdb3a5907b1406eca233f8e99b7a.jpeg\"><figure class=\"swiper-slide-inner\"><img decoding=\"async\" class=\"swiper-slide-image\" src=\"https:\/\/abramo.be\/wp-content\/uploads\/2024\/03\/33fbbdb3a5907b1406eca233f8e99b7a.jpeg\" alt=\"33fbbdb3a5907b1406eca233f8e99b7a\" \/><\/figure><\/a><\/div><div class=\"swiper-slide\" role=\"group\" aria-roledescription=\"slide\" aria-label=\"3 of 5\"><a data-elementor-open-lightbox=\"yes\" data-elementor-lightbox-slideshow=\"806d718\" data-elementor-lightbox-title=\"486c53fc7fb99c461ff1d421e86e945e\" data-e-action-hash=\"#elementor-action%3Aaction%3Dlightbox%26settings%3DeyJpZCI6MjU0LCJ1cmwiOiJodHRwczpcL1wvYWJyYW1vLmJlXC93cC1jb250ZW50XC91cGxvYWRzXC8yMDI0XC8wM1wvNDg2YzUzZmM3ZmI5OWM0NjFmZjFkNDIxZTg2ZTk0NWUuanBlZyIsInNsaWRlc2hvdyI6IjgwNmQ3MTgifQ%3D%3D\" href=\"https:\/\/abramo.be\/wp-content\/uploads\/2024\/03\/486c53fc7fb99c461ff1d421e86e945e.jpeg\"><figure class=\"swiper-slide-inner\"><img decoding=\"async\" class=\"swiper-slide-image\" src=\"https:\/\/abramo.be\/wp-content\/uploads\/2024\/03\/486c53fc7fb99c461ff1d421e86e945e.jpeg\" alt=\"486c53fc7fb99c461ff1d421e86e945e\" \/><\/figure><\/a><\/div><div class=\"swiper-slide\" role=\"group\" aria-roledescription=\"slide\" aria-label=\"4 of 5\"><a data-elementor-open-lightbox=\"yes\" data-elementor-lightbox-slideshow=\"806d718\" data-elementor-lightbox-title=\"3a48dc5ce97adfa31aa4b24686f81704\" data-e-action-hash=\"#elementor-action%3Aaction%3Dlightbox%26settings%3DeyJpZCI6MjU1LCJ1cmwiOiJodHRwczpcL1wvYWJyYW1vLmJlXC93cC1jb250ZW50XC91cGxvYWRzXC8yMDI0XC8wM1wvM2E0OGRjNWNlOTdhZGZhMzFhYTRiMjQ2ODZmODE3MDQuanBlZyIsInNsaWRlc2hvdyI6IjgwNmQ3MTgifQ%3D%3D\" href=\"https:\/\/abramo.be\/wp-content\/uploads\/2024\/03\/3a48dc5ce97adfa31aa4b24686f81704.jpeg\"><figure class=\"swiper-slide-inner\"><img decoding=\"async\" class=\"swiper-slide-image\" src=\"https:\/\/abramo.be\/wp-content\/uploads\/2024\/03\/3a48dc5ce97adfa31aa4b24686f81704.jpeg\" alt=\"3a48dc5ce97adfa31aa4b24686f81704\" \/><\/figure><\/a><\/div><div class=\"swiper-slide\" role=\"group\" aria-roledescription=\"slide\" aria-label=\"5 of 5\"><a data-elementor-open-lightbox=\"yes\" data-elementor-lightbox-slideshow=\"806d718\" data-elementor-lightbox-title=\"776221f7b38befe7647ee34a680cfabb\" data-e-action-hash=\"#elementor-action%3Aaction%3Dlightbox%26settings%3DeyJpZCI6MjU2LCJ1cmwiOiJodHRwczpcL1wvYWJyYW1vLmJlXC93cC1jb250ZW50XC91cGxvYWRzXC8yMDI0XC8wM1wvNzc2MjIxZjdiMzhiZWZlNzY0N2VlMzRhNjgwY2ZhYmIuanBlZyIsInNsaWRlc2hvdyI6IjgwNmQ3MTgifQ%3D%3D\" href=\"https:\/\/abramo.be\/wp-content\/uploads\/2024\/03\/776221f7b38befe7647ee34a680cfabb.jpeg\"><figure class=\"swiper-slide-inner\"><img decoding=\"async\" class=\"swiper-slide-image\" src=\"https:\/\/abramo.be\/wp-content\/uploads\/2024\/03\/776221f7b38befe7647ee34a680cfabb.jpeg\" alt=\"776221f7b38befe7647ee34a680cfabb\" \/><\/figure><\/a><\/div>\t\t\t<\/div>\n\t\t\t\t\t\t\t\n\t\t\t\t\t\t\t\t\t<\/div>\n\t\t\t\t\t\t<\/div>\n\t\t\t\t<\/div>\n\t\t\t\t<\/div>\n\t\t<div class=\"elementor-element elementor-element-b0b176a e-con-full e-flex e-con e-child\" data-id=\"b0b176a\" data-element_type=\"container\">\n\t\t\t\t<div class=\"elementor-element elementor-element-c500d3e elementor-widget elementor-widget-heading\" data-id=\"c500d3e\" data-element_type=\"widget\" data-widget_type=\"heading.default\">\n\t\t\t\t<div class=\"elementor-widget-container\">\n\t\t\t\t\t<h2 class=\"elementor-heading-title elementor-size-default\">Ovenschotels\n<\/h2>\t\t\t\t<\/div>\n\t\t\t\t<\/div>\n\t\t\t\t<div class=\"elementor-element elementor-element-4097d46 elementor-widget-divider--view-line elementor-widget elementor-widget-divider\" data-id=\"4097d46\" data-element_type=\"widget\" data-widget_type=\"divider.default\">\n\t\t\t\t<div class=\"elementor-widget-container\">\n\t\t\t\t\t\t\t<div class=\"elementor-divider\">\n\t\t\t<span class=\"elementor-divider-separator\">\n\t\t\t\t\t\t<\/span>\n\t\t<\/div>\n\t\t\t\t\t\t<\/div>\n\t\t\t\t<\/div>\n\t\t\t\t<div class=\"elementor-element elementor-element-80ffae0 elementor-widget elementor-widget-spacer\" data-id=\"80ffae0\" data-element_type=\"widget\" data-widget_type=\"spacer.default\">\n\t\t\t\t<div class=\"elementor-widget-container\">\n\t\t\t\t\t\t\t<div class=\"elementor-spacer\">\n\t\t\t<div class=\"elementor-spacer-inner\"><\/div>\n\t\t<\/div>\n\t\t\t\t\t\t<\/div>\n\t\t\t\t<\/div>\n\t\t\t\t<div class=\"elementor-element elementor-element-c792520 elementor-widget__width-initial elementor-widget elementor-widget-text-editor\" data-id=\"c792520\" data-element_type=\"widget\" data-widget_type=\"text-editor.default\">\n\t\t\t\t<div class=\"elementor-widget-container\">\n\t\t\t\t\t\t\t\t\tVan klassiek tot hedendaags, van lasagne bolognaise tot zalmlasagne, tartiflette tot gratin dauphinois\u2026\n\n\t\t\t\t\t\t\t\t<\/div>\n\t\t\t\t<\/div>\n\t\t\t\t<div class=\"elementor-element elementor-element-76bb966 elementor-widget elementor-widget-spacer\" data-id=\"76bb966\" data-element_type=\"widget\" data-widget_type=\"spacer.default\">\n\t\t\t\t<div class=\"elementor-widget-container\">\n\t\t\t\t\t\t\t<div class=\"elementor-spacer\">\n\t\t\t<div class=\"elementor-spacer-inner\"><\/div>\n\t\t<\/div>\n\t\t\t\t\t\t<\/div>\n\t\t\t\t<\/div>\n\t\t<div class=\"elementor-element elementor-element-cff156f e-con-full e-flex e-con e-child\" data-id=\"cff156f\" data-element_type=\"container\">\n\t\t<div class=\"elementor-element elementor-element-3ba9370 e-con-full e-flex e-con e-child\" data-id=\"3ba9370\" data-element_type=\"container\">\n\t\t\t\t<div class=\"elementor-element elementor-element-b1902a8 elementor-view-default elementor-widget elementor-widget-icon\" data-id=\"b1902a8\" data-element_type=\"widget\" data-widget_type=\"icon.default\">\n\t\t\t\t<div class=\"elementor-widget-container\">\n\t\t\t\t\t\t\t<div class=\"elementor-icon-wrapper\">\n\t\t\t<a class=\"elementor-icon\" href=\"https:\/\/abramo.be\/nl\/one-pan-around-the-world\/\">\n\t\t\t<svg aria-hidden=\"true\" class=\"e-font-icon-svg e-fas-chevron-left\" viewbox=\"0 0 320 512\" xmlns=\"http:\/\/www.w3.org\/2000\/svg\"><path d=\"M34.52 239.03L228.87 44.69c9.37-9.37 24.57-9.37 33.94 0l22.67 22.67c9.36 9.36 9.37 24.52.04 33.9L131.49 256l154.02 154.75c9.34 9.38 9.32 24.54-.04 33.9l-22.67 22.67c-9.37 9.37-24.57 9.37-33.94 0L34.52 272.97c-9.37-9.37-9.37-24.57 0-33.94z\"><\/path><\/svg>\t\t\t<\/a>\n\t\t<\/div>\n\t\t\t\t\t\t<\/div>\n\t\t\t\t<\/div>\n\t\t\t\t<\/div>\n\t\t<div class=\"elementor-element elementor-element-8017681 e-flex e-con-boxed e-con e-child\" data-id=\"8017681\" data-element_type=\"container\">\n\t\t\t\t\t<div class=\"e-con-inner\">\n\t\t\t\t<div class=\"elementor-element elementor-element-ff8d299 elementor-widget__width-initial elementor-widget elementor-widget-heading\" data-id=\"ff8d299\" data-element_type=\"widget\" data-widget_type=\"heading.default\">\n\t\t\t\t<div class=\"elementor-widget-container\">\n\t\t\t\t\t<h2 class=\"elementor-heading-title elementor-size-default\"><a href=\"https:\/\/abramo.be\/nl\/one-pan-around-the-world\/\">Vorig<\/a><\/h2>\t\t\t\t<\/div>\n\t\t\t\t<\/div>\n\t\t\t\t<div class=\"elementor-element elementor-element-2cd6c6a elementor-widget__width-initial elementor-widget elementor-widget-heading\" data-id=\"2cd6c6a\" data-element_type=\"widget\" data-widget_type=\"heading.default\">\n\t\t\t\t<div class=\"elementor-widget-container\">\n\t\t\t\t\t<h2 class=\"elementor-heading-title elementor-size-default\"><a href=\"https:\/\/abramo.be\/nl\/sur-mesure\/\">Volgende<\/a><\/h2>\t\t\t\t<\/div>\n\t\t\t\t<\/div>\n\t\t\t\t<div class=\"elementor-element elementor-element-e65c726 elementor-widget elementor-widget-heading\" data-id=\"e65c726\" data-element_type=\"widget\" data-widget_type=\"heading.default\">\n\t\t\t\t<div class=\"elementor-widget-container\">\n\t\t\t\t\t<h2 class=\"elementor-heading-title elementor-size-default\"><a href=\"https:\/\/abramo.be\/nl\/produits\/\">Terug naar overzicht<\/a><\/h2>\t\t\t\t<\/div>\n\t\t\t\t<\/div>\n\t\t\t\t\t<\/div>\n\t\t\t\t<\/div>\n\t\t<div class=\"elementor-element elementor-element-2c09bfc e-con-full e-flex e-con e-child\" data-id=\"2c09bfc\" data-element_type=\"container\">\n\t\t\t\t<div class=\"elementor-element elementor-element-eb84e44 elementor-view-default elementor-widget elementor-widget-icon\" data-id=\"eb84e44\" data-element_type=\"widget\" data-widget_type=\"icon.default\">\n\t\t\t\t<div class=\"elementor-widget-container\">\n\t\t\t\t\t\t\t<div class=\"elementor-icon-wrapper\">\n\t\t\t<a class=\"elementor-icon\" href=\"https:\/\/abramo.be\/nl\/sur-mesure\/\">\n\t\t\t<svg aria-hidden=\"true\" class=\"e-font-icon-svg e-fas-chevron-right\" viewbox=\"0 0 320 512\" xmlns=\"http:\/\/www.w3.org\/2000\/svg\"><path d=\"M285.476 272.971L91.132 467.314c-9.373 9.373-24.569 9.373-33.941 0l-22.667-22.667c-9.357-9.357-9.375-24.522-.04-33.901L188.505 256 34.484 101.255c-9.335-9.379-9.317-24.544.04-33.901l22.667-22.667c9.373-9.373 24.569-9.373 33.941 0L285.475 239.03c9.373 9.372 9.373 24.568.001 33.941z\"><\/path><\/svg>\t\t\t<\/a>\n\t\t<\/div>\n\t\t\t\t\t\t<\/div>\n\t\t\t\t<\/div>\n\t\t\t\t<\/div>\n\t\t\t\t<\/div>\n\t\t\t\t<\/div>\n\t\t\t\t\t<\/div>\n\t\t\t\t<\/div>\n\t\t\t\t<\/div>","protected":false},"excerpt":{"rendered":"<p>Plats au four Gr\u00e2ce \u00e0 son exp\u00e9rience, Abramo vous propose une large de gamme de plats classic ou contemporain \u00e0 mettre au four comme les lasagnes bolognaises ou saumon, mais aussi des tartiflettes ou gratin dauphinois. Nous d\u00e9veloppons en permanence de nouvelles recettes afin de vous surprendre. Pr\u00e9c\u00e9dent Suivant Retour aux produits<\/p>","protected":false},"author":2,"featured_media":0,"parent":0,"menu_order":0,"comment_status":"closed","ping_status":"closed","template":"elementor_header_footer","meta":{"footnotes":""},"_links":{"self":[{"href":"https:\/\/abramo.be\/nl\/wp-json\/wp\/v2\/pages\/170"}],"collection":[{"href":"https:\/\/abramo.be\/nl\/wp-json\/wp\/v2\/pages"}],"about":[{"href":"https:\/\/abramo.be\/nl\/wp-json\/wp\/v2\/types\/page"}],"author":[{"embeddable":true,"href":"https:\/\/abramo.be\/nl\/wp-json\/wp\/v2\/users\/2"}],"replies":[{"embeddable":true,"href":"https:\/\/abramo.be\/nl\/wp-json\/wp\/v2\/comments?post=170"}],"version-history":[{"count":13,"href":"https:\/\/abramo.be\/nl\/wp-json\/wp\/v2\/pages\/170\/revisions"}],"predecessor-version":[{"id":316,"href":"https:\/\/abramo.be\/nl\/wp-json\/wp\/v2\/pages\/170\/revisions\/316"}],"wp:attachment":[{"href":"https:\/\/abramo.be\/nl\/wp-json\/wp\/v2\/media?parent=170"}],"curies":[{"name":"wp","href":"https:\/\/api.w.org\/{rel}","templated":true}]}}