{"id":172,"date":"2024-03-28T21:01:41","date_gmt":"2024-03-28T20:01:41","guid":{"rendered":"https:\/\/abramo.be\/?page_id=172"},"modified":"2024-04-25T22:01:01","modified_gmt":"2024-04-25T20:01:01","slug":"sur-mesure","status":"publish","type":"page","link":"https:\/\/abramo.be\/nl\/sur-mesure\/","title":{"rendered":"Op maat"},"content":{"rendered":"<div data-elementor-type=\"wp-page\" data-elementor-id=\"172\" class=\"elementor elementor-172\">\n\t\t\t\t<div class=\"elementor-element elementor-element-47e53a1 e-flex e-con-boxed e-con e-parent\" data-id=\"47e53a1\" data-element_type=\"container\" data-settings=\"{&quot;background_background&quot;:&quot;classic&quot;}\">\n\t\t\t\t\t<div class=\"e-con-inner\">\n\t\t\t\t\t<\/div>\n\t\t\t\t<\/div>\n\t\t<div class=\"elementor-element elementor-element-d1302d2 e-flex e-con-boxed e-con e-parent\" data-id=\"d1302d2\" data-element_type=\"container\">\n\t\t\t\t\t<div class=\"e-con-inner\">\n\t\t<div class=\"elementor-element elementor-element-56caf70 e-con-full e-flex e-con e-child\" data-id=\"56caf70\" data-element_type=\"container\">\n\t\t\t\t<div class=\"elementor-element elementor-element-64ab33c carousel-y elementor-widget elementor-widget-image-carousel\" data-id=\"64ab33c\" data-element_type=\"widget\" data-settings=\"{&quot;slides_to_show&quot;:&quot;1&quot;,&quot;navigation&quot;:&quot;none&quot;,&quot;effect&quot;:&quot;fade&quot;,&quot;speed&quot;:1000,&quot;infinite&quot;:&quot;yes&quot;}\" data-widget_type=\"image-carousel.default\">\n\t\t\t\t<div class=\"elementor-widget-container\">\n\t\t\t\t\t\t\t<div class=\"elementor-image-carousel-wrapper swiper\" role=\"region\" aria-roledescription=\"carousel\" aria-label=\"Carrousel afbeelding\" dir=\"ltr\">\n\t\t\t<div class=\"elementor-image-carousel swiper-wrapper\" aria-live=\"polite\">\n\t\t\t\t\t\t\t\t<div class=\"swiper-slide\" role=\"group\" aria-roledescription=\"slide\" aria-label=\"1 of 1\"><a data-elementor-open-lightbox=\"yes\" data-elementor-lightbox-slideshow=\"64ab33c\" data-elementor-lightbox-title=\"4e0856ecd62d562d78be7b511432439f\" data-e-action-hash=\"#elementor-action%3Aaction%3Dlightbox%26settings%3DeyJpZCI6MzAsInVybCI6Imh0dHBzOlwvXC9hYnJhbW8uYmVcL3dwLWNvbnRlbnRcL3VwbG9hZHNcLzIwMjRcLzAzXC80ZTA4NTZlY2Q2MmQ1NjJkNzhiZTdiNTExNDMyNDM5Zi1zY2FsZWQuanBlZyIsInNsaWRlc2hvdyI6IjY0YWIzM2MifQ%3D%3D\" href=\"https:\/\/abramo.be\/wp-content\/uploads\/2024\/03\/4e0856ecd62d562d78be7b511432439f-scaled.jpeg\"><figure class=\"swiper-slide-inner\"><img decoding=\"async\" class=\"swiper-slide-image\" src=\"https:\/\/abramo.be\/wp-content\/uploads\/2024\/03\/4e0856ecd62d562d78be7b511432439f-scaled.jpeg\" alt=\"4e0856ecd62d562d78be7b511432439f\" \/><\/figure><\/a><\/div>\t\t\t<\/div>\n\t\t\t\t\t<\/div>\n\t\t\t\t\t\t<\/div>\n\t\t\t\t<\/div>\n\t\t\t\t<\/div>\n\t\t<div class=\"elementor-element elementor-element-1a46dc5 e-con-full e-flex e-con e-child\" data-id=\"1a46dc5\" data-element_type=\"container\">\n\t\t\t\t<div class=\"elementor-element elementor-element-c3d3d97 elementor-widget elementor-widget-heading\" data-id=\"c3d3d97\" data-element_type=\"widget\" data-widget_type=\"heading.default\">\n\t\t\t\t<div class=\"elementor-widget-container\">\n\t\t\t\t\t<h2 class=\"elementor-heading-title elementor-size-default\">Op maat\n<\/h2>\t\t\t\t<\/div>\n\t\t\t\t<\/div>\n\t\t\t\t<div class=\"elementor-element elementor-element-b9ddeec elementor-widget-divider--view-line elementor-widget elementor-widget-divider\" data-id=\"b9ddeec\" data-element_type=\"widget\" data-widget_type=\"divider.default\">\n\t\t\t\t<div class=\"elementor-widget-container\">\n\t\t\t\t\t\t\t<div class=\"elementor-divider\">\n\t\t\t<span class=\"elementor-divider-separator\">\n\t\t\t\t\t\t<\/span>\n\t\t<\/div>\n\t\t\t\t\t\t<\/div>\n\t\t\t\t<\/div>\n\t\t\t\t<div class=\"elementor-element elementor-element-ea289d2 elementor-widget elementor-widget-spacer\" data-id=\"ea289d2\" data-element_type=\"widget\" data-widget_type=\"spacer.default\">\n\t\t\t\t<div class=\"elementor-widget-container\">\n\t\t\t\t\t\t\t<div class=\"elementor-spacer\">\n\t\t\t<div class=\"elementor-spacer-inner\"><\/div>\n\t\t<\/div>\n\t\t\t\t\t\t<\/div>\n\t\t\t\t<\/div>\n\t\t\t\t<div class=\"elementor-element elementor-element-df76511 elementor-widget__width-initial elementor-widget elementor-widget-text-editor\" data-id=\"df76511\" data-element_type=\"widget\" data-widget_type=\"text-editor.default\">\n\t\t\t\t<div class=\"elementor-widget-container\">\n\t\t\t\t\t\t\t\t\t<p class=\"translation-block\">Abramo werkt met jou samen naar het gewenst resultaat voor Private Label ontwikkelingen. Onze R&amp;D-ploeg tot uw dienst! <a style=\"color: #5b9cc8\" href=\"https:\/\/abramo.be\/nl\/contact\/\" target=\"_self\">Contacteer ons<\/a> voor meer info<\/p>\t\t\t\t\t\t\t\t<\/div>\n\t\t\t\t<\/div>\n\t\t\t\t<div class=\"elementor-element elementor-element-0e98687 elementor-widget elementor-widget-spacer\" data-id=\"0e98687\" data-element_type=\"widget\" data-widget_type=\"spacer.default\">\n\t\t\t\t<div class=\"elementor-widget-container\">\n\t\t\t\t\t\t\t<div class=\"elementor-spacer\">\n\t\t\t<div class=\"elementor-spacer-inner\"><\/div>\n\t\t<\/div>\n\t\t\t\t\t\t<\/div>\n\t\t\t\t<\/div>\n\t\t<div class=\"elementor-element elementor-element-2ce50ff e-con-full e-flex e-con e-child\" data-id=\"2ce50ff\" data-element_type=\"container\">\n\t\t<div class=\"elementor-element elementor-element-d9dad9f e-con-full e-flex e-con e-child\" data-id=\"d9dad9f\" data-element_type=\"container\">\n\t\t\t\t<div class=\"elementor-element elementor-element-30b5ef8 elementor-view-default elementor-widget elementor-widget-icon\" data-id=\"30b5ef8\" data-element_type=\"widget\" data-widget_type=\"icon.default\">\n\t\t\t\t<div class=\"elementor-widget-container\">\n\t\t\t\t\t\t\t<div class=\"elementor-icon-wrapper\">\n\t\t\t<a class=\"elementor-icon\" href=\"https:\/\/abramo.be\/nl\/plats-au-four\/\">\n\t\t\t<svg aria-hidden=\"true\" class=\"e-font-icon-svg e-fas-chevron-left\" viewbox=\"0 0 320 512\" xmlns=\"http:\/\/www.w3.org\/2000\/svg\"><path d=\"M34.52 239.03L228.87 44.69c9.37-9.37 24.57-9.37 33.94 0l22.67 22.67c9.36 9.36 9.37 24.52.04 33.9L131.49 256l154.02 154.75c9.34 9.38 9.32 24.54-.04 33.9l-22.67 22.67c-9.37 9.37-24.57 9.37-33.94 0L34.52 272.97c-9.37-9.37-9.37-24.57 0-33.94z\"><\/path><\/svg>\t\t\t<\/a>\n\t\t<\/div>\n\t\t\t\t\t\t<\/div>\n\t\t\t\t<\/div>\n\t\t\t\t<\/div>\n\t\t<div class=\"elementor-element elementor-element-b89062a e-flex e-con-boxed e-con e-child\" data-id=\"b89062a\" data-element_type=\"container\">\n\t\t\t\t\t<div class=\"e-con-inner\">\n\t\t\t\t<div class=\"elementor-element elementor-element-08a7a30 elementor-widget__width-initial elementor-widget elementor-widget-heading\" data-id=\"08a7a30\" data-element_type=\"widget\" data-widget_type=\"heading.default\">\n\t\t\t\t<div class=\"elementor-widget-container\">\n\t\t\t\t\t<h2 class=\"elementor-heading-title elementor-size-default\"><a href=\"https:\/\/abramo.be\/nl\/plats-au-four\/\">Vorig<\/a><\/h2>\t\t\t\t<\/div>\n\t\t\t\t<\/div>\n\t\t\t\t<div class=\"elementor-element elementor-element-06df896 elementor-widget__width-initial elementor-widget elementor-widget-heading\" data-id=\"06df896\" data-element_type=\"widget\" data-widget_type=\"heading.default\">\n\t\t\t\t<div class=\"elementor-widget-container\">\n\t\t\t\t\t<h2 class=\"elementor-heading-title elementor-size-default\"><a href=\"https:\/\/abramo.be\/nl\/apero-tapas\/\">Volgende<\/a><\/h2>\t\t\t\t<\/div>\n\t\t\t\t<\/div>\n\t\t\t\t<div class=\"elementor-element elementor-element-7f58b2e elementor-widget elementor-widget-heading\" data-id=\"7f58b2e\" data-element_type=\"widget\" data-widget_type=\"heading.default\">\n\t\t\t\t<div class=\"elementor-widget-container\">\n\t\t\t\t\t<h2 class=\"elementor-heading-title elementor-size-default\"><a href=\"https:\/\/abramo.be\/nl\/produits\/\">Terug naar overzicht<\/a><\/h2>\t\t\t\t<\/div>\n\t\t\t\t<\/div>\n\t\t\t\t\t<\/div>\n\t\t\t\t<\/div>\n\t\t<div class=\"elementor-element elementor-element-342f8a9 e-con-full e-flex e-con e-child\" data-id=\"342f8a9\" data-element_type=\"container\">\n\t\t\t\t<div class=\"elementor-element elementor-element-ca7c0d0 elementor-view-default elementor-widget elementor-widget-icon\" data-id=\"ca7c0d0\" data-element_type=\"widget\" data-widget_type=\"icon.default\">\n\t\t\t\t<div class=\"elementor-widget-container\">\n\t\t\t\t\t\t\t<div class=\"elementor-icon-wrapper\">\n\t\t\t<a class=\"elementor-icon\" href=\"https:\/\/abramo.be\/nl\/apero-tapas\/\">\n\t\t\t<svg aria-hidden=\"true\" class=\"e-font-icon-svg e-fas-chevron-right\" viewbox=\"0 0 320 512\" xmlns=\"http:\/\/www.w3.org\/2000\/svg\"><path d=\"M285.476 272.971L91.132 467.314c-9.373 9.373-24.569 9.373-33.941 0l-22.667-22.667c-9.357-9.357-9.375-24.522-.04-33.901L188.505 256 34.484 101.255c-9.335-9.379-9.317-24.544.04-33.901l22.667-22.667c9.373-9.373 24.569-9.373 33.941 0L285.475 239.03c9.373 9.372 9.373 24.568.001 33.941z\"><\/path><\/svg>\t\t\t<\/a>\n\t\t<\/div>\n\t\t\t\t\t\t<\/div>\n\t\t\t\t<\/div>\n\t\t\t\t<\/div>\n\t\t\t\t<\/div>\n\t\t\t\t<\/div>\n\t\t\t\t\t<\/div>\n\t\t\t\t<\/div>\n\t\t\t\t<\/div>","protected":false},"excerpt":{"rendered":"<p>Sur Mesure Chez Abramo vous trouverez une large gamme de produits \u00e0 base d&rsquo;ingr\u00e9dient de qualit\u00e9! Nous pouvons avec vous \u00e9laborer une pr\u00e9paration sur mesure en termes de pr\u00e9sentation ou m\u00eame d&#8217;emballage. Notre objectif est d&rsquo;offrir une flexibilit\u00e9 envers tous nos clients afin de r\u00e9pondre aux mieux \u00e0 vos besoins! Notre \u00e9quipe de recherche et [&hellip;]<\/p>","protected":false},"author":2,"featured_media":0,"parent":0,"menu_order":0,"comment_status":"closed","ping_status":"closed","template":"elementor_header_footer","meta":{"footnotes":""},"_links":{"self":[{"href":"https:\/\/abramo.be\/nl\/wp-json\/wp\/v2\/pages\/172"}],"collection":[{"href":"https:\/\/abramo.be\/nl\/wp-json\/wp\/v2\/pages"}],"about":[{"href":"https:\/\/abramo.be\/nl\/wp-json\/wp\/v2\/types\/page"}],"author":[{"embeddable":true,"href":"https:\/\/abramo.be\/nl\/wp-json\/wp\/v2\/users\/2"}],"replies":[{"embeddable":true,"href":"https:\/\/abramo.be\/nl\/wp-json\/wp\/v2\/comments?post=172"}],"version-history":[{"count":16,"href":"https:\/\/abramo.be\/nl\/wp-json\/wp\/v2\/pages\/172\/revisions"}],"predecessor-version":[{"id":319,"href":"https:\/\/abramo.be\/nl\/wp-json\/wp\/v2\/pages\/172\/revisions\/319"}],"wp:attachment":[{"href":"https:\/\/abramo.be\/nl\/wp-json\/wp\/v2\/media?parent=172"}],"curies":[{"name":"wp","href":"https:\/\/api.w.org\/{rel}","templated":true}]}}